{"id":73,"date":"2013-08-25T10:18:20","date_gmt":"2013-08-25T10:18:20","guid":{"rendered":"http:\/\/www.norn.is\/kyndillinn\/?page_id=73"},"modified":"2013-10-08T01:29:03","modified_gmt":"2013-10-08T01:29:03","slug":"eva-maelir-med","status":"publish","type":"page","link":"https:\/\/www.norn.is\/kyndillinn\/eva-maelir-med\/","title":{"rendered":"Kyndillinn m\u00e6lir me\u00f0:"},"content":{"rendered":"<p><a href=\"http:\/\/belledejour-uk.blogspot.com\/\">Brooke Magnanti<\/a><br \/>\nBrooke Magnanti starfa\u00f0i \u00ed kynl\u00edfsgeiranum me\u00f0 h\u00e1sk\u00f3lan\u00e1mi s\u00ednu. H\u00fan segist hafa g\u00f3\u00f0a reynslu \u00far \u00feeim brasa og hefur lagt sig fram um a\u00f0 uppr\u00e6ta go\u00f0sagnir um a\u00f0 engin kona starfi vi\u00f0 kl\u00e1m- og kynl\u00edfsi\u00f0na\u00f0 sj\u00e1lfviljug og a\u00f0 \u00feessi geiri s\u00e9 e\u00f0ils\u00f3l\u00edkur \u00f6\u00f0rum st\u00f6rfum.<\/p>\n<p><a href=\"http:\/\/forrettindafeminismi.com\/\">Forr\u00e9ttindafeminismi<br \/>\n<\/a>\u00deetta er \u00feemas\u00ed\u00f0a um d\u00f3lgafeminisma, m\u00e9r vitanlega fyrsta \u00edslenska nets\u00ed\u00f0an sem bo\u00f0ar virkt and\u00f3f gegn kvenhyggju. Eigandi s\u00ed\u00f0unnar, Sigur\u00f0ur J\u00f3nsson, bendir m.a. \u00e1 d\u00e6mi um \u00fea\u00f0 hvernig sannleikanum er hagr\u00e6tt \u00ed \u00fe\u00e1gu feminismans og afhj\u00fapar karlaford\u00f3ma sem eru undirliggjandi \u00ed or\u00f0r\u00e6\u00f0unni. M\u00e9r finnst hann eiga \u00fea\u00f0 til a\u00f0 oft\u00falka or\u00f0 og gj\u00f6r\u00f0ir kvenna sem karlhatur en flestir pistla hans eru \u00fearfir og hann \u00e1 t\u00edm\u00e6lalaust erindi \u00ed umr\u00e6\u00f0una.<\/p>\n<p><a href=\"http:\/\/ingridcarlqvist.se\/?post_status=publish&amp;post_type=post\">Ingrid Carlqvist<br \/>\n<\/a>Ingrid Carlqvist er s\u00e6nskur bla\u00f0ama\u00f0ur sem hefur s\u00e9rstaklega gagnr\u00fdnt d\u00f3msmor\u00f0 \u00ed Sv\u00ed\u00fej\u00f3\u00f0. H\u00fan hefur \u00e1huga \u00e1 kynjap\u00f3it\u00edk og hefur m.a. gagnr\u00fdnt d\u00f3lgafeminisma. \u00deeir sem hafa s\u00e9rstakan \u00e1huga \u00e1 \u00feeim m\u00e1lum geta fundi\u00f0 margar athyglisver\u00f0ar greinar me\u00f0 \u00fev\u00ed a\u00f0 sko\u00f0a f\u00e6rsluflokkana \u00e1 hli\u00f0arstikunni e\u00f0a nota or\u00f0aleitina \u00e1 s\u00ed\u00f0unni hennar.<\/p>\n<p><a href=\"http:\/\/owningyourshit.blogspot.co.uk\/\">Karen Straughan blogg<\/a><br \/>\n<a href=\"http:\/\/www.youtube.com\/channel\/UCcmnLu5cGUGeLy744WS-fsg\">Karen Straughan \u00e1 youtube <\/a><br \/>\nKaren Straughan er andfeministi og virk \u00ed karlr\u00e9ttindahreyfingunni. D\u00f3lgafeminismi er hennar helsta umfj\u00f6llunarefni. H\u00fan birtir fyrirlestra s\u00edna yfirleitt fyrst \u00e1 youtube og birtir \u00fe\u00e1 s\u00ed\u00f0ar (ekki alltaf \u00fe\u00f3) \u00e1 blogginu s\u00ednu. \u00de\u00f3tt \u00e9g s\u00e9 hreint ekki hrifin af karlr\u00e9ttindahreyfingunni (\u00fear ber jafn miki\u00f0 \u00e1 kvenhatri og \u00e1 karlhatri me\u00f0al kvenhyggjusinna) finnst m\u00e9r Karen fr\u00e1b\u00e6r fyrirlesari. H\u00fan leggur mikla vinnu \u00ed pistlana s\u00edna og bendir oft \u00e1 s\u00f6gulegt samhengi sem hefur l\u00edti\u00f0 veri\u00f0 \u00ed umr\u00e6\u00f0unni<\/p>\n<p><a href=\"http:\/\/www.knuz.is\">Kn\u00fasi\u00f0<br \/>\n<\/a>\u00dear sem feministar hafa lengst af einoka\u00f0 alla umr\u00e6\u00f0u um kynjap\u00f3lit\u00edk finnst kannski einhverjum sko\u00f0anasystkina minna \u00f3\u00fearft a\u00f0 benda f\u00f3lki \u00e1 a\u00f0 lesa \u00feetta feminiska vefrit. M\u00e9r finnst hinsvegar nau\u00f0synlegt fyrir \u00fe\u00e1 sem vilja halda uppi and\u00f3fi gegn tilteknum vi\u00f0horfum a\u00f0 fylgjast vel me\u00f0 umr\u00e6\u00f0unni.<\/p>\n<p><a href=\"http:\/\/www.lauraagustin.com\/\">Laura Augustin<br \/>\n<\/a>Laura Augustin er mannfr\u00e6\u00f0ingur sem hefur s\u00e9rstakan \u00e1huga \u00e1 hroka Vesturlandab\u00faa gagnvart \u00feri\u00f0ja heiminum. H\u00fan skrifar mj\u00f6g miki\u00f0 um st\u00f6\u00f0u kvenna \u00ed kynl\u00edfsi\u00f0na\u00f0i og telur stefnu vestr\u00e6nna stj\u00f3rnvalda \u00ed \u00feeim efnum l\u00fdsa miklum menningarford\u00f3mum.<\/p>\n<p><a href=\"http:\/\/modursyki.wordpress.com\/\">M\u00f3\u00f0urs\u00fdkin<\/a><br \/>\n\u00deessi bloggari er einhver athyglisver\u00f0asti jafnr\u00e9ttissinni sem skrifar um kynjap\u00f3lit\u00edk \u00e1 \u00edslensku. H\u00fan bendir oft \u00e1 sj\u00f3narhorf sem ekki eru miki\u00f0 \u00ed umr\u00e6\u00f0unni. H\u00fan er gagnr\u00fdnin \u00e1 yfirvaldsfeminisma og \u00fe\u00e1 n\u00fdhreintr\u00faarstefnu sem opinberast \u00ed umr\u00e6\u00f0unni um kyn og kl\u00e1m.<\/p>\n<p><a href=\"http:\/\/tanjabergkvist.wordpress.com\/\">Tanja Bergkvist<\/a><br \/>\nTanja er verulega pirru\u00f0 \u00e1 d\u00f3lgafeminisma. H\u00fan \u00e1 \u00fea\u00f0 til a\u00f0 vera langor\u00f0 en er oft skemmtileg og dugleg a\u00f0 draga fram \u00ed dagslj\u00f3si\u00f0 m\u00e1l sem fara l\u00e1gt. \u00c9g t\u00e9kka \u00e1 henni reglulega.<\/p>\n","protected":false},"excerpt":{"rendered":"<p>Brooke Magnanti Brooke Magnanti starfa\u00f0i \u00ed kynl\u00edfsgeiranum me\u00f0 h\u00e1sk\u00f3lan\u00e1mi s\u00ednu. H\u00fan segist hafa g\u00f3\u00f0a reynslu \u00far \u00feeim brasa og hefur lagt sig fram um a\u00f0 uppr\u00e6ta go\u00f0sagnir um a\u00f0 engin kona starfi vi\u00f0 kl\u00e1m- og kynl\u00edfsi\u00f0na\u00f0 sj\u00e1lfviljug og a\u00f0 \u00feessi &hellip; <a href=\"https:\/\/www.norn.is\/kyndillinn\/eva-maelir-med\/\">Halda \u00e1fram a\u00f0 lesa <span class=\"meta-nav\">&rarr;<\/span><\/a><\/p>\n","protected":false},"author":2,"featured_media":0,"parent":0,"menu_order":3,"comment_status":"closed","ping_status":"closed","template":"","meta":{"footnotes":""},"class_list":["post-73","page","type-page","status-publish","hentry"],"yoast_head":"<!-- This site is optimized with the Yoast SEO plugin v27.5 - https:\/\/yoast.com\/product\/yoast-seo-wordpress\/ -->\n<title>Kyndillinn m\u00e6lir me\u00f0: - Kyndillinn<\/title>\n<meta name=\"robots\" content=\"index, follow, max-snippet:-1, max-image-preview:large, max-video-preview:-1\" \/>\n<link rel=\"canonical\" href=\"https:\/\/www.norn.is\/kyndillinn\/eva-maelir-med\/\" \/>\n<meta property=\"og:locale\" content=\"is_IS\" \/>\n<meta property=\"og:type\" content=\"article\" \/>\n<meta property=\"og:title\" content=\"Kyndillinn m\u00e6lir me\u00f0: - Kyndillinn\" \/>\n<meta property=\"og:description\" content=\"Brooke Magnanti Brooke Magnanti starfa\u00f0i \u00ed kynl\u00edfsgeiranum me\u00f0 h\u00e1sk\u00f3lan\u00e1mi s\u00ednu. H\u00fan segist hafa g\u00f3\u00f0a reynslu \u00far \u00feeim brasa og hefur lagt sig fram um a\u00f0 uppr\u00e6ta go\u00f0sagnir um a\u00f0 engin kona starfi vi\u00f0 kl\u00e1m- og kynl\u00edfsi\u00f0na\u00f0 sj\u00e1lfviljug og a\u00f0 \u00feessi &hellip; Halda \u00e1fram a\u00f0 lesa &rarr;\" \/>\n<meta property=\"og:url\" content=\"https:\/\/www.norn.is\/kyndillinn\/eva-maelir-med\/\" \/>\n<meta property=\"og:site_name\" content=\"Kyndillinn\" \/>\n<meta property=\"article:modified_time\" content=\"2013-10-08T01:29:03+00:00\" \/>\n<meta name=\"twitter:card\" content=\"summary_large_image\" \/>\n<meta name=\"twitter:label1\" content=\"Est. reading time\" \/>\n\t<meta name=\"twitter:data1\" content=\"2 minutes\" \/>\n<script type=\"application\/ld+json\" class=\"yoast-schema-graph\">{\"@context\":\"https:\\\/\\\/schema.org\",\"@graph\":[{\"@type\":\"WebPage\",\"@id\":\"https:\\\/\\\/www.norn.is\\\/kyndillinn\\\/eva-maelir-med\\\/\",\"url\":\"https:\\\/\\\/www.norn.is\\\/kyndillinn\\\/eva-maelir-med\\\/\",\"name\":\"Kyndillinn m\u00e6lir me\u00f0: - Kyndillinn\",\"isPartOf\":{\"@id\":\"https:\\\/\\\/www.norn.is\\\/kyndillinn\\\/#website\"},\"datePublished\":\"2013-08-25T10:18:20+00:00\",\"dateModified\":\"2013-10-08T01:29:03+00:00\",\"breadcrumb\":{\"@id\":\"https:\\\/\\\/www.norn.is\\\/kyndillinn\\\/eva-maelir-med\\\/#breadcrumb\"},\"inLanguage\":\"is\",\"potentialAction\":[{\"@type\":\"ReadAction\",\"target\":[\"https:\\\/\\\/www.norn.is\\\/kyndillinn\\\/eva-maelir-med\\\/\"]}]},{\"@type\":\"BreadcrumbList\",\"@id\":\"https:\\\/\\\/www.norn.is\\\/kyndillinn\\\/eva-maelir-med\\\/#breadcrumb\",\"itemListElement\":[{\"@type\":\"ListItem\",\"position\":1,\"name\":\"Home\",\"item\":\"https:\\\/\\\/www.norn.is\\\/kyndillinn\\\/\"},{\"@type\":\"ListItem\",\"position\":2,\"name\":\"Kyndillinn m\u00e6lir me\u00f0:\"}]},{\"@type\":\"WebSite\",\"@id\":\"https:\\\/\\\/www.norn.is\\\/kyndillinn\\\/#website\",\"url\":\"https:\\\/\\\/www.norn.is\\\/kyndillinn\\\/\",\"name\":\"Kyndillinn\",\"description\":\"Eva um kyn og kl\u00e1m\",\"potentialAction\":[{\"@type\":\"SearchAction\",\"target\":{\"@type\":\"EntryPoint\",\"urlTemplate\":\"https:\\\/\\\/www.norn.is\\\/kyndillinn\\\/?s={search_term_string}\"},\"query-input\":{\"@type\":\"PropertyValueSpecification\",\"valueRequired\":true,\"valueName\":\"search_term_string\"}}],\"inLanguage\":\"is\"}]}<\/script>\n<!-- \/ Yoast SEO plugin. -->","yoast_head_json":{"title":"Kyndillinn m\u00e6lir me\u00f0: - Kyndillinn","robots":{"index":"index","follow":"follow","max-snippet":"max-snippet:-1","max-image-preview":"max-image-preview:large","max-video-preview":"max-video-preview:-1"},"canonical":"https:\/\/www.norn.is\/kyndillinn\/eva-maelir-med\/","og_locale":"is_IS","og_type":"article","og_title":"Kyndillinn m\u00e6lir me\u00f0: - Kyndillinn","og_description":"Brooke Magnanti Brooke Magnanti starfa\u00f0i \u00ed kynl\u00edfsgeiranum me\u00f0 h\u00e1sk\u00f3lan\u00e1mi s\u00ednu. H\u00fan segist hafa g\u00f3\u00f0a reynslu \u00far \u00feeim brasa og hefur lagt sig fram um a\u00f0 uppr\u00e6ta go\u00f0sagnir um a\u00f0 engin kona starfi vi\u00f0 kl\u00e1m- og kynl\u00edfsi\u00f0na\u00f0 sj\u00e1lfviljug og a\u00f0 \u00feessi &hellip; Halda \u00e1fram a\u00f0 lesa &rarr;","og_url":"https:\/\/www.norn.is\/kyndillinn\/eva-maelir-med\/","og_site_name":"Kyndillinn","article_modified_time":"2013-10-08T01:29:03+00:00","twitter_card":"summary_large_image","twitter_misc":{"Est. reading time":"2 minutes"},"schema":{"@context":"https:\/\/schema.org","@graph":[{"@type":"WebPage","@id":"https:\/\/www.norn.is\/kyndillinn\/eva-maelir-med\/","url":"https:\/\/www.norn.is\/kyndillinn\/eva-maelir-med\/","name":"Kyndillinn m\u00e6lir me\u00f0: - Kyndillinn","isPartOf":{"@id":"https:\/\/www.norn.is\/kyndillinn\/#website"},"datePublished":"2013-08-25T10:18:20+00:00","dateModified":"2013-10-08T01:29:03+00:00","breadcrumb":{"@id":"https:\/\/www.norn.is\/kyndillinn\/eva-maelir-med\/#breadcrumb"},"inLanguage":"is","potentialAction":[{"@type":"ReadAction","target":["https:\/\/www.norn.is\/kyndillinn\/eva-maelir-med\/"]}]},{"@type":"BreadcrumbList","@id":"https:\/\/www.norn.is\/kyndillinn\/eva-maelir-med\/#breadcrumb","itemListElement":[{"@type":"ListItem","position":1,"name":"Home","item":"https:\/\/www.norn.is\/kyndillinn\/"},{"@type":"ListItem","position":2,"name":"Kyndillinn m\u00e6lir me\u00f0:"}]},{"@type":"WebSite","@id":"https:\/\/www.norn.is\/kyndillinn\/#website","url":"https:\/\/www.norn.is\/kyndillinn\/","name":"Kyndillinn","description":"Eva um kyn og kl\u00e1m","potentialAction":[{"@type":"SearchAction","target":{"@type":"EntryPoint","urlTemplate":"https:\/\/www.norn.is\/kyndillinn\/?s={search_term_string}"},"query-input":{"@type":"PropertyValueSpecification","valueRequired":true,"valueName":"search_term_string"}}],"inLanguage":"is"}]}},"_links":{"self":[{"href":"https:\/\/www.norn.is\/kyndillinn\/wp-json\/wp\/v2\/pages\/73","targetHints":{"allow":["GET"]}}],"collection":[{"href":"https:\/\/www.norn.is\/kyndillinn\/wp-json\/wp\/v2\/pages"}],"about":[{"href":"https:\/\/www.norn.is\/kyndillinn\/wp-json\/wp\/v2\/types\/page"}],"author":[{"embeddable":true,"href":"https:\/\/www.norn.is\/kyndillinn\/wp-json\/wp\/v2\/users\/2"}],"replies":[{"embeddable":true,"href":"https:\/\/www.norn.is\/kyndillinn\/wp-json\/wp\/v2\/comments?post=73"}],"version-history":[{"count":8,"href":"https:\/\/www.norn.is\/kyndillinn\/wp-json\/wp\/v2\/pages\/73\/revisions"}],"predecessor-version":[{"id":194,"href":"https:\/\/www.norn.is\/kyndillinn\/wp-json\/wp\/v2\/pages\/73\/revisions\/194"}],"wp:attachment":[{"href":"https:\/\/www.norn.is\/kyndillinn\/wp-json\/wp\/v2\/media?parent=73"}],"curies":[{"name":"wp","href":"https:\/\/api.w.org\/{rel}","templated":true}]}}