{"id":61,"date":"2013-08-23T12:09:04","date_gmt":"2013-08-23T12:09:04","guid":{"rendered":"http:\/\/www.norn.is\/kyndillinn\/?page_id=61"},"modified":"2013-09-09T09:25:06","modified_gmt":"2013-09-09T09:25:06","slug":"um-kyndilinn","status":"publish","type":"page","link":"https:\/\/www.norn.is\/kyndillinn\/um-kyndilinn\/","title":{"rendered":"Kyndillinn"},"content":{"rendered":"<p><a href=\"http:\/\/www.norn.is\/kyndillinn\/wp-content\/uploads\/sites\/5\/2013\/09\/kyndillprof.jpg\"><img loading=\"lazy\" decoding=\"async\" class=\"alignleft size-thumbnail wp-image-98\" alt=\"kyndillprof\" src=\"http:\/\/www.norn.is\/kyndillinn\/wp-content\/uploads\/sites\/5\/2013\/09\/kyndillprof-150x150.jpg\" width=\"150\" height=\"150\" \/><\/a>K\u00e6ri lesandi<\/p>\n<p>Takk fyrir a\u00f0 heims\u00e6kja vefsetri\u00f0 mitt norn.is. \u00deessi s\u00ed\u00f0a heitir Kyndillinn og h\u00e9r eru birtir pistlar sem snerta kynjap\u00f3lit\u00edk.<\/p>\n<p>S\u00ed\u00f0ustu \u00e1ratugi hafa feministar stj\u00f3rna\u00f0 allri umr\u00e6\u00f0u um kynjam\u00e1l. M\u00e9r finnst \u00fea\u00f0 sl\u00e6mt vegna \u00feess a\u00f0 \u00feegar tiltekinn h\u00f3pur stj\u00f3rnar allri umr\u00e6\u00f0u ver\u00f0ur til kennivald og \u00fea\u00f0 getur leitt af s\u00e9r sko\u00f0anak\u00fagun. Auk \u00feess finnst m\u00e9r s\u00fa grunnhugmynd feminismans, a\u00f0 alla \u00e1rekstra milli kynjanna og \u00f6ll b\u00e1gindi kvenna megi sk\u00fdra me\u00f0 vi\u00f0leitni fe\u00f0raveldisins til a\u00f0 vi\u00f0halda sj\u00e1lfu s\u00e9r, \u00ed meira lagi vafas\u00f6m.<\/p>\n<p>\u00c9g hef haldi\u00f0 \u00fati vefb\u00f3k fr\u00e1 \u00e1rinu 2003 og skrifa\u00f0 t\u00f6luvert um kynjam\u00e1l. Margir af g\u00f6mlu pistlunum fengu l\u00edtinn lestur en n\u00fa \u00e6tla \u00e9g a\u00f0 birta aftur \u00fe\u00e1 pistla sem hafa sta\u00f0ist t\u00edmans t\u00f6nn. H\u00e9r \u00e1 Kyndlinum ver\u00f0a \u00e1 n\u00e6stu m\u00e1nu\u00f0um birtir gamlir pistlar um , kynl\u00edfsi\u00f0na\u00f0, tr\u00fam\u00e1l, fj\u00f6lmi\u00f0la og flest samf\u00e9lagsm\u00e1l \u00f6nnur en \u00feau sem snerta kynjap\u00f3lit\u00edk.<\/p>\n<p>\u00c1bendingar um umfj\u00f6llunarefni eru vel \u00feegnar. Netfangi\u00f0 er eva@norn.is<\/p>\n","protected":false},"excerpt":{"rendered":"<p>K\u00e6ri lesandi Takk fyrir a\u00f0 heims\u00e6kja vefsetri\u00f0 mitt norn.is. \u00deessi s\u00ed\u00f0a heitir Kyndillinn og h\u00e9r eru birtir pistlar sem snerta kynjap\u00f3lit\u00edk. S\u00ed\u00f0ustu \u00e1ratugi hafa feministar stj\u00f3rna\u00f0 allri umr\u00e6\u00f0u um kynjam\u00e1l. M\u00e9r finnst \u00fea\u00f0 sl\u00e6mt vegna \u00feess a\u00f0 \u00feegar tiltekinn h\u00f3pur &hellip; <a href=\"https:\/\/www.norn.is\/kyndillinn\/um-kyndilinn\/\">Halda \u00e1fram a\u00f0 lesa <span class=\"meta-nav\">&rarr;<\/span><\/a><\/p>\n","protected":false},"author":2,"featured_media":0,"parent":0,"menu_order":2,"comment_status":"closed","ping_status":"closed","template":"","meta":{"footnotes":""},"class_list":["post-61","page","type-page","status-publish","hentry"],"yoast_head":"<!-- This site is optimized with the Yoast SEO plugin v27.6 - https:\/\/yoast.com\/product\/yoast-seo-wordpress\/ -->\n<title>Kyndillinn - Kyndillinn<\/title>\n<meta name=\"robots\" content=\"index, follow, max-snippet:-1, max-image-preview:large, max-video-preview:-1\" \/>\n<link rel=\"canonical\" href=\"https:\/\/www.norn.is\/kyndillinn\/um-kyndilinn\/\" \/>\n<meta property=\"og:locale\" content=\"is_IS\" \/>\n<meta property=\"og:type\" content=\"article\" \/>\n<meta property=\"og:title\" content=\"Kyndillinn - Kyndillinn\" \/>\n<meta property=\"og:description\" content=\"K\u00e6ri lesandi Takk fyrir a\u00f0 heims\u00e6kja vefsetri\u00f0 mitt norn.is. \u00deessi s\u00ed\u00f0a heitir Kyndillinn og h\u00e9r eru birtir pistlar sem snerta kynjap\u00f3lit\u00edk. S\u00ed\u00f0ustu \u00e1ratugi hafa feministar stj\u00f3rna\u00f0 allri umr\u00e6\u00f0u um kynjam\u00e1l. M\u00e9r finnst \u00fea\u00f0 sl\u00e6mt vegna \u00feess a\u00f0 \u00feegar tiltekinn h\u00f3pur &hellip; Halda \u00e1fram a\u00f0 lesa &rarr;\" \/>\n<meta property=\"og:url\" content=\"https:\/\/www.norn.is\/kyndillinn\/um-kyndilinn\/\" \/>\n<meta property=\"og:site_name\" content=\"Kyndillinn\" \/>\n<meta property=\"article:modified_time\" content=\"2013-09-09T09:25:06+00:00\" \/>\n<meta property=\"og:image\" content=\"http:\/\/www.norn.is\/kyndillinn\/wp-content\/uploads\/sites\/5\/2013\/09\/kyndillprof-150x150.jpg\" \/>\n<meta name=\"twitter:card\" content=\"summary_large_image\" \/>\n<meta name=\"twitter:label1\" content=\"Est. reading time\" \/>\n\t<meta name=\"twitter:data1\" content=\"1 minute\" \/>\n<script type=\"application\/ld+json\" class=\"yoast-schema-graph\">{\"@context\":\"https:\\\/\\\/schema.org\",\"@graph\":[{\"@type\":\"WebPage\",\"@id\":\"https:\\\/\\\/www.norn.is\\\/kyndillinn\\\/um-kyndilinn\\\/\",\"url\":\"https:\\\/\\\/www.norn.is\\\/kyndillinn\\\/um-kyndilinn\\\/\",\"name\":\"Kyndillinn - Kyndillinn\",\"isPartOf\":{\"@id\":\"https:\\\/\\\/www.norn.is\\\/kyndillinn\\\/#website\"},\"primaryImageOfPage\":{\"@id\":\"https:\\\/\\\/www.norn.is\\\/kyndillinn\\\/um-kyndilinn\\\/#primaryimage\"},\"image\":{\"@id\":\"https:\\\/\\\/www.norn.is\\\/kyndillinn\\\/um-kyndilinn\\\/#primaryimage\"},\"thumbnailUrl\":\"http:\\\/\\\/www.norn.is\\\/kyndillinn\\\/wp-content\\\/uploads\\\/sites\\\/5\\\/2013\\\/09\\\/kyndillprof-150x150.jpg\",\"datePublished\":\"2013-08-23T12:09:04+00:00\",\"dateModified\":\"2013-09-09T09:25:06+00:00\",\"breadcrumb\":{\"@id\":\"https:\\\/\\\/www.norn.is\\\/kyndillinn\\\/um-kyndilinn\\\/#breadcrumb\"},\"inLanguage\":\"is\",\"potentialAction\":[{\"@type\":\"ReadAction\",\"target\":[\"https:\\\/\\\/www.norn.is\\\/kyndillinn\\\/um-kyndilinn\\\/\"]}]},{\"@type\":\"ImageObject\",\"inLanguage\":\"is\",\"@id\":\"https:\\\/\\\/www.norn.is\\\/kyndillinn\\\/um-kyndilinn\\\/#primaryimage\",\"url\":\"https:\\\/\\\/www.norn.is\\\/kyndillinn\\\/wp-content\\\/uploads\\\/sites\\\/5\\\/2013\\\/09\\\/kyndillprof.jpg\",\"contentUrl\":\"https:\\\/\\\/www.norn.is\\\/kyndillinn\\\/wp-content\\\/uploads\\\/sites\\\/5\\\/2013\\\/09\\\/kyndillprof.jpg\",\"width\":403,\"height\":604},{\"@type\":\"BreadcrumbList\",\"@id\":\"https:\\\/\\\/www.norn.is\\\/kyndillinn\\\/um-kyndilinn\\\/#breadcrumb\",\"itemListElement\":[{\"@type\":\"ListItem\",\"position\":1,\"name\":\"Home\",\"item\":\"https:\\\/\\\/www.norn.is\\\/kyndillinn\\\/\"},{\"@type\":\"ListItem\",\"position\":2,\"name\":\"Kyndillinn\"}]},{\"@type\":\"WebSite\",\"@id\":\"https:\\\/\\\/www.norn.is\\\/kyndillinn\\\/#website\",\"url\":\"https:\\\/\\\/www.norn.is\\\/kyndillinn\\\/\",\"name\":\"Kyndillinn\",\"description\":\"Eva um kyn og kl\u00e1m\",\"potentialAction\":[{\"@type\":\"SearchAction\",\"target\":{\"@type\":\"EntryPoint\",\"urlTemplate\":\"https:\\\/\\\/www.norn.is\\\/kyndillinn\\\/?s={search_term_string}\"},\"query-input\":{\"@type\":\"PropertyValueSpecification\",\"valueRequired\":true,\"valueName\":\"search_term_string\"}}],\"inLanguage\":\"is\"}]}<\/script>\n<!-- \/ Yoast SEO plugin. -->","yoast_head_json":{"title":"Kyndillinn - Kyndillinn","robots":{"index":"index","follow":"follow","max-snippet":"max-snippet:-1","max-image-preview":"max-image-preview:large","max-video-preview":"max-video-preview:-1"},"canonical":"https:\/\/www.norn.is\/kyndillinn\/um-kyndilinn\/","og_locale":"is_IS","og_type":"article","og_title":"Kyndillinn - Kyndillinn","og_description":"K\u00e6ri lesandi Takk fyrir a\u00f0 heims\u00e6kja vefsetri\u00f0 mitt norn.is. \u00deessi s\u00ed\u00f0a heitir Kyndillinn og h\u00e9r eru birtir pistlar sem snerta kynjap\u00f3lit\u00edk. S\u00ed\u00f0ustu \u00e1ratugi hafa feministar stj\u00f3rna\u00f0 allri umr\u00e6\u00f0u um kynjam\u00e1l. M\u00e9r finnst \u00fea\u00f0 sl\u00e6mt vegna \u00feess a\u00f0 \u00feegar tiltekinn h\u00f3pur &hellip; Halda \u00e1fram a\u00f0 lesa &rarr;","og_url":"https:\/\/www.norn.is\/kyndillinn\/um-kyndilinn\/","og_site_name":"Kyndillinn","article_modified_time":"2013-09-09T09:25:06+00:00","og_image":[{"url":"http:\/\/www.norn.is\/kyndillinn\/wp-content\/uploads\/sites\/5\/2013\/09\/kyndillprof-150x150.jpg","type":"","width":"","height":""}],"twitter_card":"summary_large_image","twitter_misc":{"Est. reading time":"1 minute"},"schema":{"@context":"https:\/\/schema.org","@graph":[{"@type":"WebPage","@id":"https:\/\/www.norn.is\/kyndillinn\/um-kyndilinn\/","url":"https:\/\/www.norn.is\/kyndillinn\/um-kyndilinn\/","name":"Kyndillinn - Kyndillinn","isPartOf":{"@id":"https:\/\/www.norn.is\/kyndillinn\/#website"},"primaryImageOfPage":{"@id":"https:\/\/www.norn.is\/kyndillinn\/um-kyndilinn\/#primaryimage"},"image":{"@id":"https:\/\/www.norn.is\/kyndillinn\/um-kyndilinn\/#primaryimage"},"thumbnailUrl":"http:\/\/www.norn.is\/kyndillinn\/wp-content\/uploads\/sites\/5\/2013\/09\/kyndillprof-150x150.jpg","datePublished":"2013-08-23T12:09:04+00:00","dateModified":"2013-09-09T09:25:06+00:00","breadcrumb":{"@id":"https:\/\/www.norn.is\/kyndillinn\/um-kyndilinn\/#breadcrumb"},"inLanguage":"is","potentialAction":[{"@type":"ReadAction","target":["https:\/\/www.norn.is\/kyndillinn\/um-kyndilinn\/"]}]},{"@type":"ImageObject","inLanguage":"is","@id":"https:\/\/www.norn.is\/kyndillinn\/um-kyndilinn\/#primaryimage","url":"https:\/\/www.norn.is\/kyndillinn\/wp-content\/uploads\/sites\/5\/2013\/09\/kyndillprof.jpg","contentUrl":"https:\/\/www.norn.is\/kyndillinn\/wp-content\/uploads\/sites\/5\/2013\/09\/kyndillprof.jpg","width":403,"height":604},{"@type":"BreadcrumbList","@id":"https:\/\/www.norn.is\/kyndillinn\/um-kyndilinn\/#breadcrumb","itemListElement":[{"@type":"ListItem","position":1,"name":"Home","item":"https:\/\/www.norn.is\/kyndillinn\/"},{"@type":"ListItem","position":2,"name":"Kyndillinn"}]},{"@type":"WebSite","@id":"https:\/\/www.norn.is\/kyndillinn\/#website","url":"https:\/\/www.norn.is\/kyndillinn\/","name":"Kyndillinn","description":"Eva um kyn og kl\u00e1m","potentialAction":[{"@type":"SearchAction","target":{"@type":"EntryPoint","urlTemplate":"https:\/\/www.norn.is\/kyndillinn\/?s={search_term_string}"},"query-input":{"@type":"PropertyValueSpecification","valueRequired":true,"valueName":"search_term_string"}}],"inLanguage":"is"}]}},"_links":{"self":[{"href":"https:\/\/www.norn.is\/kyndillinn\/wp-json\/wp\/v2\/pages\/61","targetHints":{"allow":["GET"]}}],"collection":[{"href":"https:\/\/www.norn.is\/kyndillinn\/wp-json\/wp\/v2\/pages"}],"about":[{"href":"https:\/\/www.norn.is\/kyndillinn\/wp-json\/wp\/v2\/types\/page"}],"author":[{"embeddable":true,"href":"https:\/\/www.norn.is\/kyndillinn\/wp-json\/wp\/v2\/users\/2"}],"replies":[{"embeddable":true,"href":"https:\/\/www.norn.is\/kyndillinn\/wp-json\/wp\/v2\/comments?post=61"}],"version-history":[{"count":6,"href":"https:\/\/www.norn.is\/kyndillinn\/wp-json\/wp\/v2\/pages\/61\/revisions"}],"predecessor-version":[{"id":119,"href":"https:\/\/www.norn.is\/kyndillinn\/wp-json\/wp\/v2\/pages\/61\/revisions\/119"}],"wp:attachment":[{"href":"https:\/\/www.norn.is\/kyndillinn\/wp-json\/wp\/v2\/media?parent=61"}],"curies":[{"name":"wp","href":"https:\/\/api.w.org\/{rel}","templated":true}]}}