{"id":1207,"date":"2019-04-18T10:44:44","date_gmt":"2019-04-18T10:44:44","guid":{"rendered":"http:\/\/www.norn.is\/haukur\/?page_id=1207"},"modified":"2019-04-21T18:36:03","modified_gmt":"2019-04-21T18:36:03","slug":"vefritid","status":"publish","type":"page","link":"https:\/\/www.norn.is\/haukur\/vefritid\/","title":{"rendered":"Vefriti\u00f0"},"content":{"rendered":"<p><a href=\"http:\/\/www.norn.is\/haukur\/wp-content\/uploads\/sites\/19\/2018\/03\/flaut-minni.png\"><img loading=\"lazy\" decoding=\"async\" class=\"aligncenter size-full wp-image-553\" src=\"http:\/\/www.norn.is\/haukur\/wp-content\/uploads\/sites\/19\/2018\/03\/flaut-minni.png\" alt=\"\" width=\"1000\" height=\"667\" srcset=\"https:\/\/www.norn.is\/haukur\/wp-content\/uploads\/sites\/19\/2018\/03\/flaut-minni.png 1000w, https:\/\/www.norn.is\/haukur\/wp-content\/uploads\/sites\/19\/2018\/03\/flaut-minni-300x200.png 300w, https:\/\/www.norn.is\/haukur\/wp-content\/uploads\/sites\/19\/2018\/03\/flaut-minni-768x512.png 768w, https:\/\/www.norn.is\/haukur\/wp-content\/uploads\/sites\/19\/2018\/03\/flaut-minni-450x300.png 450w\" sizes=\"auto, (max-width: 1000px) 100vw, 1000px\" \/><\/a><\/p>\n<p>\u00c6tlunin er a\u00f0 birta h\u00e9r skrif Hauks, minningargreinar og anna\u00f0 efni sem tengist Hauki pers\u00f3nulega. Um lei\u00f0 viljum vi\u00f0 skapa vettvang fyrir skrif um \u00feau m\u00e1l sem Hauki voru hugleikin og eru \u00ed anda hugsj\u00f3na hans um samf\u00e9lag sem byggir \u00e1 \u00fe\u00e1ttt\u00f6ku, frelsi og r\u00e9ttl\u00e6ti. Hafi\u00f0 endilega samband ef \u00fei\u00f0 eru\u00f0 me\u00f0 efni um ja\u00f0arp\u00f3lit\u00edk, heimspeki, f\u00e9lagsv\u00edsindi menningu og listir sem ykkur langar a\u00f0 birta og g\u00e6ti \u00e1tt vel heima \u00e1 \u00feessum vef.<\/p>\n<p>Vi\u00f0 \u00f3skum jafnframt eftir \u00fev\u00ed a\u00f0 \u00feeir sem eiga \u00ed f\u00f3rum s\u00ednum skrif eftir Hauk, myndir af honum e\u00f0a atbur\u00f0um sem hann t\u00f3k \u00fe\u00e1tt \u00ed og anna\u00f0 efni sem tengist honum \u00e1 einhvern h\u00e1tt hafi samband.<\/p>\n<p><em>Mynd: Benjam\u00edn Julian<\/em><\/p>\n","protected":false},"excerpt":{"rendered":"<p>\u00c6tlunin er a\u00f0 birta h\u00e9r skrif Hauks, minningargreinar og anna\u00f0 efni sem tengist Hauki pers\u00f3nulega. Um lei\u00f0 viljum vi\u00f0 skapa vettvang fyrir skrif um \u00feau m\u00e1l sem Hauki voru hugleikin og eru \u00ed anda hugsj\u00f3na hans um samf\u00e9lag sem byggir \u00e1 \u00fe\u00e1ttt\u00f6ku, frelsi og r\u00e9ttl\u00e6ti. Hafi\u00f0 endilega samband ef \u00fei\u00f0 eru\u00f0 me\u00f0 efni um ja\u00f0arp\u00f3lit\u00edk, [&hellip;]<\/p>\n","protected":false},"author":7,"featured_media":1172,"parent":0,"menu_order":0,"comment_status":"closed","ping_status":"closed","template":"","meta":{"_et_pb_use_builder":"","_et_pb_old_content":"","_et_gb_content_width":"","footnotes":""},"class_list":["post-1207","page","type-page","status-publish","has-post-thumbnail","hentry"],"yoast_head":"<!-- This site is optimized with the Yoast SEO plugin v27.6 - https:\/\/yoast.com\/product\/yoast-seo-wordpress\/ -->\n<title>Vefriti\u00f0 - Leikmenn \u00e1n landam\u00e6ra<\/title>\n<meta name=\"robots\" content=\"index, follow, max-snippet:-1, max-image-preview:large, max-video-preview:-1\" \/>\n<link rel=\"canonical\" href=\"https:\/\/www.norn.is\/haukur\/vefritid\/\" \/>\n<meta property=\"og:locale\" content=\"is_IS\" \/>\n<meta property=\"og:type\" content=\"article\" \/>\n<meta property=\"og:title\" content=\"Vefriti\u00f0 - Leikmenn \u00e1n landam\u00e6ra\" \/>\n<meta property=\"og:description\" content=\"\u00c6tlunin er a\u00f0 birta h\u00e9r skrif Hauks, minningargreinar og anna\u00f0 efni sem tengist Hauki pers\u00f3nulega. Um lei\u00f0 viljum vi\u00f0 skapa vettvang fyrir skrif um \u00feau m\u00e1l sem Hauki voru hugleikin og eru \u00ed anda hugsj\u00f3na hans um samf\u00e9lag sem byggir \u00e1 \u00fe\u00e1ttt\u00f6ku, frelsi og r\u00e9ttl\u00e6ti. Hafi\u00f0 endilega samband ef \u00fei\u00f0 eru\u00f0 me\u00f0 efni um ja\u00f0arp\u00f3lit\u00edk, [&hellip;]\" \/>\n<meta property=\"og:url\" content=\"https:\/\/www.norn.is\/haukur\/vefritid\/\" \/>\n<meta property=\"og:site_name\" content=\"Leikmenn \u00e1n landam\u00e6ra\" \/>\n<meta property=\"article:modified_time\" content=\"2019-04-21T18:36:03+00:00\" \/>\n<meta property=\"og:image\" content=\"https:\/\/www.norn.is\/haukur\/wp-content\/uploads\/sites\/19\/2019\/04\/flautari1-1024x486.png\" \/>\n\t<meta property=\"og:image:width\" content=\"1024\" \/>\n\t<meta property=\"og:image:height\" content=\"486\" \/>\n\t<meta property=\"og:image:type\" content=\"image\/png\" \/>\n<meta name=\"twitter:card\" content=\"summary_large_image\" \/>\n<meta name=\"twitter:label1\" content=\"Est. reading time\" \/>\n\t<meta name=\"twitter:data1\" content=\"1 minute\" \/>\n<script type=\"application\/ld+json\" class=\"yoast-schema-graph\">{\"@context\":\"https:\\\/\\\/schema.org\",\"@graph\":[{\"@type\":\"WebPage\",\"@id\":\"https:\\\/\\\/www.norn.is\\\/haukur\\\/vefritid\\\/\",\"url\":\"https:\\\/\\\/www.norn.is\\\/haukur\\\/vefritid\\\/\",\"name\":\"Vefriti\u00f0 - Leikmenn \u00e1n landam\u00e6ra\",\"isPartOf\":{\"@id\":\"https:\\\/\\\/www.norn.is\\\/haukur\\\/#website\"},\"primaryImageOfPage\":{\"@id\":\"https:\\\/\\\/www.norn.is\\\/haukur\\\/vefritid\\\/#primaryimage\"},\"image\":{\"@id\":\"https:\\\/\\\/www.norn.is\\\/haukur\\\/vefritid\\\/#primaryimage\"},\"thumbnailUrl\":\"https:\\\/\\\/www.norn.is\\\/haukur\\\/wp-content\\\/uploads\\\/sites\\\/19\\\/2019\\\/04\\\/flautari1.png\",\"datePublished\":\"2019-04-18T10:44:44+00:00\",\"dateModified\":\"2019-04-21T18:36:03+00:00\",\"breadcrumb\":{\"@id\":\"https:\\\/\\\/www.norn.is\\\/haukur\\\/vefritid\\\/#breadcrumb\"},\"inLanguage\":\"is\",\"potentialAction\":[{\"@type\":\"ReadAction\",\"target\":[\"https:\\\/\\\/www.norn.is\\\/haukur\\\/vefritid\\\/\"]}]},{\"@type\":\"ImageObject\",\"inLanguage\":\"is\",\"@id\":\"https:\\\/\\\/www.norn.is\\\/haukur\\\/vefritid\\\/#primaryimage\",\"url\":\"https:\\\/\\\/www.norn.is\\\/haukur\\\/wp-content\\\/uploads\\\/sites\\\/19\\\/2019\\\/04\\\/flautari1.png\",\"contentUrl\":\"https:\\\/\\\/www.norn.is\\\/haukur\\\/wp-content\\\/uploads\\\/sites\\\/19\\\/2019\\\/04\\\/flautari1.png\",\"width\":1681,\"height\":798},{\"@type\":\"BreadcrumbList\",\"@id\":\"https:\\\/\\\/www.norn.is\\\/haukur\\\/vefritid\\\/#breadcrumb\",\"itemListElement\":[{\"@type\":\"ListItem\",\"position\":1,\"name\":\"Home\",\"item\":\"https:\\\/\\\/www.norn.is\\\/haukur\\\/\"},{\"@type\":\"ListItem\",\"position\":2,\"name\":\"Vefriti\u00f0\"}]},{\"@type\":\"WebSite\",\"@id\":\"https:\\\/\\\/www.norn.is\\\/haukur\\\/#website\",\"url\":\"https:\\\/\\\/www.norn.is\\\/haukur\\\/\",\"name\":\"Leikmenn \u00e1n landam\u00e6ra\",\"description\":\"\",\"potentialAction\":[{\"@type\":\"SearchAction\",\"target\":{\"@type\":\"EntryPoint\",\"urlTemplate\":\"https:\\\/\\\/www.norn.is\\\/haukur\\\/?s={search_term_string}\"},\"query-input\":{\"@type\":\"PropertyValueSpecification\",\"valueRequired\":true,\"valueName\":\"search_term_string\"}}],\"inLanguage\":\"is\"}]}<\/script>\n<!-- \/ Yoast SEO plugin. -->","yoast_head_json":{"title":"Vefriti\u00f0 - Leikmenn \u00e1n landam\u00e6ra","robots":{"index":"index","follow":"follow","max-snippet":"max-snippet:-1","max-image-preview":"max-image-preview:large","max-video-preview":"max-video-preview:-1"},"canonical":"https:\/\/www.norn.is\/haukur\/vefritid\/","og_locale":"is_IS","og_type":"article","og_title":"Vefriti\u00f0 - Leikmenn \u00e1n landam\u00e6ra","og_description":"\u00c6tlunin er a\u00f0 birta h\u00e9r skrif Hauks, minningargreinar og anna\u00f0 efni sem tengist Hauki pers\u00f3nulega. Um lei\u00f0 viljum vi\u00f0 skapa vettvang fyrir skrif um \u00feau m\u00e1l sem Hauki voru hugleikin og eru \u00ed anda hugsj\u00f3na hans um samf\u00e9lag sem byggir \u00e1 \u00fe\u00e1ttt\u00f6ku, frelsi og r\u00e9ttl\u00e6ti. Hafi\u00f0 endilega samband ef \u00fei\u00f0 eru\u00f0 me\u00f0 efni um ja\u00f0arp\u00f3lit\u00edk, [&hellip;]","og_url":"https:\/\/www.norn.is\/haukur\/vefritid\/","og_site_name":"Leikmenn \u00e1n landam\u00e6ra","article_modified_time":"2019-04-21T18:36:03+00:00","og_image":[{"width":1024,"height":486,"url":"https:\/\/www.norn.is\/haukur\/wp-content\/uploads\/sites\/19\/2019\/04\/flautari1-1024x486.png","type":"image\/png"}],"twitter_card":"summary_large_image","twitter_misc":{"Est. reading time":"1 minute"},"schema":{"@context":"https:\/\/schema.org","@graph":[{"@type":"WebPage","@id":"https:\/\/www.norn.is\/haukur\/vefritid\/","url":"https:\/\/www.norn.is\/haukur\/vefritid\/","name":"Vefriti\u00f0 - Leikmenn \u00e1n landam\u00e6ra","isPartOf":{"@id":"https:\/\/www.norn.is\/haukur\/#website"},"primaryImageOfPage":{"@id":"https:\/\/www.norn.is\/haukur\/vefritid\/#primaryimage"},"image":{"@id":"https:\/\/www.norn.is\/haukur\/vefritid\/#primaryimage"},"thumbnailUrl":"https:\/\/www.norn.is\/haukur\/wp-content\/uploads\/sites\/19\/2019\/04\/flautari1.png","datePublished":"2019-04-18T10:44:44+00:00","dateModified":"2019-04-21T18:36:03+00:00","breadcrumb":{"@id":"https:\/\/www.norn.is\/haukur\/vefritid\/#breadcrumb"},"inLanguage":"is","potentialAction":[{"@type":"ReadAction","target":["https:\/\/www.norn.is\/haukur\/vefritid\/"]}]},{"@type":"ImageObject","inLanguage":"is","@id":"https:\/\/www.norn.is\/haukur\/vefritid\/#primaryimage","url":"https:\/\/www.norn.is\/haukur\/wp-content\/uploads\/sites\/19\/2019\/04\/flautari1.png","contentUrl":"https:\/\/www.norn.is\/haukur\/wp-content\/uploads\/sites\/19\/2019\/04\/flautari1.png","width":1681,"height":798},{"@type":"BreadcrumbList","@id":"https:\/\/www.norn.is\/haukur\/vefritid\/#breadcrumb","itemListElement":[{"@type":"ListItem","position":1,"name":"Home","item":"https:\/\/www.norn.is\/haukur\/"},{"@type":"ListItem","position":2,"name":"Vefriti\u00f0"}]},{"@type":"WebSite","@id":"https:\/\/www.norn.is\/haukur\/#website","url":"https:\/\/www.norn.is\/haukur\/","name":"Leikmenn \u00e1n landam\u00e6ra","description":"","potentialAction":[{"@type":"SearchAction","target":{"@type":"EntryPoint","urlTemplate":"https:\/\/www.norn.is\/haukur\/?s={search_term_string}"},"query-input":{"@type":"PropertyValueSpecification","valueRequired":true,"valueName":"search_term_string"}}],"inLanguage":"is"}]}},"_links":{"self":[{"href":"https:\/\/www.norn.is\/haukur\/wp-json\/wp\/v2\/pages\/1207","targetHints":{"allow":["GET"]}}],"collection":[{"href":"https:\/\/www.norn.is\/haukur\/wp-json\/wp\/v2\/pages"}],"about":[{"href":"https:\/\/www.norn.is\/haukur\/wp-json\/wp\/v2\/types\/page"}],"author":[{"embeddable":true,"href":"https:\/\/www.norn.is\/haukur\/wp-json\/wp\/v2\/users\/7"}],"replies":[{"embeddable":true,"href":"https:\/\/www.norn.is\/haukur\/wp-json\/wp\/v2\/comments?post=1207"}],"version-history":[{"count":10,"href":"https:\/\/www.norn.is\/haukur\/wp-json\/wp\/v2\/pages\/1207\/revisions"}],"predecessor-version":[{"id":1512,"href":"https:\/\/www.norn.is\/haukur\/wp-json\/wp\/v2\/pages\/1207\/revisions\/1512"}],"wp:featuredmedia":[{"embeddable":true,"href":"https:\/\/www.norn.is\/haukur\/wp-json\/wp\/v2\/media\/1172"}],"wp:attachment":[{"href":"https:\/\/www.norn.is\/haukur\/wp-json\/wp\/v2\/media?parent=1207"}],"curies":[{"name":"wp","href":"https:\/\/api.w.org\/{rel}","templated":true}]}}