{"id":1181,"date":"2019-04-17T18:11:27","date_gmt":"2019-04-17T18:11:27","guid":{"rendered":"http:\/\/www.norn.is\/haukur\/?page_id=1181"},"modified":"2021-03-07T14:19:50","modified_gmt":"2021-03-07T14:19:50","slug":"sonur-minn-byltingin","status":"publish","type":"page","link":"https:\/\/www.norn.is\/haukur\/sonur-minn-byltingin\/","title":{"rendered":"Sonur minn Byltingin"},"content":{"rendered":"\n<figure class=\"wp-block-image size-large\"><a href=\"http:\/\/www.norn.is\/haukur\/wp-content\/uploads\/sites\/19\/2019\/04\/kurteisi.3.jpg\"><img loading=\"lazy\" decoding=\"async\" width=\"1024\" height=\"485\" src=\"http:\/\/www.norn.is\/haukur\/wp-content\/uploads\/sites\/19\/2019\/04\/kurteisi.3-1024x485.jpg\" alt=\"\" class=\"wp-image-1171\" srcset=\"https:\/\/www.norn.is\/haukur\/wp-content\/uploads\/sites\/19\/2019\/04\/kurteisi.3-1024x485.jpg 1024w, https:\/\/www.norn.is\/haukur\/wp-content\/uploads\/sites\/19\/2019\/04\/kurteisi.3-300x142.jpg 300w, https:\/\/www.norn.is\/haukur\/wp-content\/uploads\/sites\/19\/2019\/04\/kurteisi.3-768x364.jpg 768w, https:\/\/www.norn.is\/haukur\/wp-content\/uploads\/sites\/19\/2019\/04\/kurteisi.3-600x284.jpg 600w, https:\/\/www.norn.is\/haukur\/wp-content\/uploads\/sites\/19\/2019\/04\/kurteisi.3.jpg 1685w\" sizes=\"auto, (max-width: 1024px) 100vw, 1024px\" \/><\/a><\/figure>\n\n\n\n<p><br>Sonur minn Byltingin helga\u00f0i l\u00edf sitt and\u00f3fi gegn r\u00edkisvaldi, au\u00f0valdi og hervaldi. Hann st\u00f3\u00f0 fyrir og t\u00f3k \u00fe\u00e1tt \u00ed beinum a\u00f0ger\u00f0um gegn umhverfisspj\u00f6llum, kap\u00edtalisma og fasisma, b\u00e6\u00f0i \u00e1 \u00cdslandi og erlendis.<\/p>\n\n\n\n<p>Hann var virkur li\u00f0sma\u00f0ur Saving Iceland \u00ed bar\u00e1ttunni gegn K\u00e1rahn\u00fakavirkjun, sj\u00e1lfbo\u00f0ali\u00f0i \u00ed Palest\u00ednu, me\u00f0limur \u00ed Heimssambandi verkaf\u00f3lks, virkur \u00ed h\u00fast\u00f6kuhreyfingum \u00e1 \u00cdslandi og \u00ed Grikklandi.<\/p>\n\n\n\n<p>Hann var frumkv\u00f6\u00f0ull \u00ed bar\u00e1ttu fyrir r\u00e9ttindum fl\u00f3ttaf\u00f3lks \u00e1 \u00cdslandi og vann a\u00f0 bj\u00f6rgun fl\u00f3ttamanna \u00ed Grikklandi.<\/p>\n\n\n\n<figure class=\"wp-block-image size-large\"><a href=\"http:\/\/www.norn.is\/haukur\/wp-content\/uploads\/sites\/19\/2018\/10\/HaukurHilmarsson.jpg\"><img decoding=\"async\" src=\"http:\/\/www.norn.is\/haukur\/wp-content\/uploads\/sites\/19\/2018\/10\/HaukurHilmarsson-1024x824.jpg\" alt=\"\" class=\"wp-image-1138\"\/><\/a><\/figure>\n\n\n\n<div class=\"wp-block-image\"><figure class=\"alignright\"><a href=\"http:\/\/www.norn.is\/haukur\/wp-content\/uploads\/sites\/19\/2019\/01\/haukur-syrland-5.jpg\"><img loading=\"lazy\" decoding=\"async\" width=\"221\" height=\"283\" src=\"http:\/\/www.norn.is\/haukur\/wp-content\/uploads\/sites\/19\/2019\/01\/haukur-syrland-5.jpg\" alt=\"\" class=\"wp-image-956\"\/><\/a><\/figure><\/div>\n\n\n\n<p><br>Haukur&nbsp;gekk til li\u00f0s vi\u00f0 varnarsveitir K\u00farda \u00ed S\u00fdrlandi \u00ed j\u00fal\u00ed 2017 og t\u00f3k \u00fe\u00e1tt \u00ed vopna\u00f0ri andspyrnu gegn Islamska r\u00edkinu \u00ed Raqqa. Hann f\u00f3r \u00fea\u00f0an til Afr\u00edn til \u00feess a\u00f0 sporna gegn \u00f3l\u00f6glegri innr\u00e1s&nbsp;Tyrkja. Hans var sakna\u00f0 eftir loft\u00e1r\u00e1s \u00e1 Afr\u00edn \u00ed febr\u00faar 2018.&nbsp; L\u00edklegast er a\u00f0 Haukur hafi l\u00e1tist en tilraunir a\u00f0standenda til a\u00f0 f\u00e1 sta\u00f0festingu \u00e1 \u00fev\u00ed og uppl\u00fdsingar um \u00fea\u00f0 hva\u00f0 var\u00f0 um l\u00edki\u00f0 hafa engan \u00e1rangur bori\u00f0. Haukur er fyrsti \u00cdslendingur \u00ed s\u00f6gu l\u00fd\u00f0veldisins sem tali\u00f0 er a\u00f0 hafi falli\u00f0 sem bardagama\u00f0ur \u00ed str\u00ed\u00f0i.<\/p>\n\n\n\n<p>Atkt\u00edvismi Hauks f\u00f3lst ekki bara \u00ed uppreisn gegn yfirvaldi heldur l\u00edka \u00ed a\u00f0ger\u00f0um sem gera mannlegt samf\u00e9lag \u00f6rl\u00edti\u00f0 betra. Hann t\u00edndi rusl \u00e1 v\u00ed\u00f0avangi fr\u00e1 \u00fevi a\u00f0 hann var sm\u00e1barn. Hann var\u00f0i \u00fe\u00e1 sem voru lag\u00f0ir \u00ed einelti \u00ed barnask\u00f3la \u00fe\u00f3tt hann v\u00e6ri hr\u00e6ddur vi\u00f0 hrekkjusv\u00ednin. \u00deegar hann bj\u00f3 \u00ed h\u00fast\u00f6ku \u00ed A\u00feenu eftirl\u00e9t hann margsinnis fl\u00f3ttam\u00f6nnum svefnpl\u00e1ss sitt til a\u00f0 leyfa \u00feeim a\u00f0 hv\u00edlast eina n\u00f3tt og svaf \u00e1 g\u00f6tunni sj\u00e1lfur. Ef hann var me\u00f0 klink \u00ed vasanum setti hann t\u00edkall \u00ed st\u00f6\u00f0um\u00e6li ef t\u00edminn var \u00fatrunninn, \u00fe\u00f3tt hann vissi ekkert hver eigandi b\u00edlsins v\u00e6ri. Hann sk\u00fdr\u00f0i \u00fea\u00f0 me\u00f0 \u00fev\u00ed a\u00f0 ef \u00fev\u00ed a\u00f0 ef allir hj\u00e1lpu\u00f0ust a\u00f0 \u00e1 \u00feann h\u00e1tt \u00feyrfti enginn a\u00f0 borga sekt \u00fe\u00f3tt hann yr\u00f0i \u00f6rl\u00edti\u00f0 seinn fyrir. En bara einn t\u00edkall samt, \u00fevi hugmyndin var ekki s\u00fa a\u00f0 leyfa einhverjum a\u00f0 halda st\u00e6\u00f0i allan daginn.Og Haukur&nbsp;leit ekki \u00e1 takmarkanir sem vandam\u00e1l, t.d. bau\u00f0 hann sig fram til \u00feess a\u00f0 a\u00f0sto\u00f0a fatla\u00f0a sk\u00f3laf\u00e9laga vi\u00f0 a\u00f0 taka gl\u00f3sur \u00fe\u00f3tt hann v\u00e6ri sj\u00e1lfur greindur me\u00f0 lesblindu.<\/p>\n\n\n\n<p>Hvar var\u00f0ar veraldlega hluti var Haukur n\u00e6gjusamasta manneskja sem \u00e9g hef kynnst. Hann keypti s\u00e9r aldrei neitt ef var h\u00e6gt a\u00f0 f\u00e1 \u00fea\u00f0 nota\u00f0. \u00dea\u00f0 var ekki bara til a\u00f0 spara peninga heldur l\u00edka til draga \u00far sorpmengun. Hann gekk n\u00e1nast a\u00f0eins \u00ed notu\u00f0um fatna\u00f0i&nbsp; af \u00f6\u00f0rum. Einu sinni veiddi hann upp \u00far ruslinu n\u00e1ttkj\u00f3l sem \u00e9g haf\u00f0i hent&nbsp;af \u00fev\u00ed a\u00f0 hann var gatslitinn svo \u00e9g gat ekki sett hann \u00ed Rau\u00f0a Krossinn. &#8222;\u00deessi f\u00edni bolur&#8220; sag\u00f0i hann og gekk \u00ed honum \u00ed 2 \u00e1r eftir \u00fea\u00f0. Samt var eini tilgangurinn sem hann s\u00e1 \u00ed \u00fev\u00ed a\u00f0 leggja fyrir s\u00e1 a\u00f0 eiga sj\u00f3\u00f0 til a\u00f0 fer\u00f0ast e\u00f0a bjarga einhverjum \u00far vandr\u00e6\u00f0um.&nbsp; Og hann var \u00f6rl\u00e1tur \u00e1 \u00fea\u00f0 litla sem hann \u00e1tti. \u00deegar hann var 12 \u00e1ra t\u00e6mdi hann&nbsp;sparibaukinn sinn til \u00feess a\u00f0 kaupa l\u00edtil p\u00e1skaegg handa \u00feeim sem hann elska\u00f0i mest. \u00c9g veit til \u00feess a\u00f0 hann greiddi sk\u00f3lagj\u00f6ld, h\u00fasaleigu og flugmi\u00f0a fyrir a\u00f0ra. Samg\u00f6ngur voru \u00fea\u00f0 eina sem hann taldi til nau\u00f0synja sem hann gat ekki hirt \u00far ruslinu en a\u00f0 \u00fev\u00ed undanskildu sem hann eyddi \u00ed fer\u00f0al\u00f6g hugsa \u00e9g a\u00f0 hann hafi eytt meira f\u00e9 \u00ed a\u00f0ra en sj\u00e1lfan sig.<br><\/p>\n\n\n\n<figure class=\"wp-block-image\"><a href=\"http:\/\/www.norn.is\/haukur\/wp-content\/uploads\/sites\/19\/2018\/05\/28577866_10214397325742467_4397292774922942524_n.jpg\"><img loading=\"lazy\" decoding=\"async\" width=\"829\" height=\"960\" src=\"http:\/\/www.norn.is\/haukur\/wp-content\/uploads\/sites\/19\/2018\/05\/28577866_10214397325742467_4397292774922942524_n.jpg\" alt=\"\" class=\"wp-image-953\" srcset=\"https:\/\/www.norn.is\/haukur\/wp-content\/uploads\/sites\/19\/2018\/05\/28577866_10214397325742467_4397292774922942524_n.jpg 829w, https:\/\/www.norn.is\/haukur\/wp-content\/uploads\/sites\/19\/2018\/05\/28577866_10214397325742467_4397292774922942524_n-259x300.jpg 259w, https:\/\/www.norn.is\/haukur\/wp-content\/uploads\/sites\/19\/2018\/05\/28577866_10214397325742467_4397292774922942524_n-768x889.jpg 768w\" sizes=\"auto, (max-width: 829px) 100vw, 829px\" \/><\/a><\/figure>\n\n\n\n<p><br>\u00de\u00f3tt Haukur s\u00e9 best \u00feekktur sem anarkisti og akt\u00edvisti var hann svo miklu meira en \u00fea\u00f0. Hann var \u00e1kaflega vel lesinn, g\u00f3\u00f0ur penni og skrifa\u00f0i lj\u00f3\u00f0 og s\u00f6ngtexta, spila\u00f0i \u00e1 \u00fdmisskonar flautur og harm\u00f3nikku og samdi l\u00f6g. Haukur var ekki fullkominn frekar en anna\u00f0 f\u00f3lk. Hann var oft hrikalega utan vi\u00f0 sig, t\u00fdndi \u00f6llu sem h\u00e6gt var a\u00f0 t\u00fdna, haf\u00f0i enga rei\u00f0u \u00e1 draslinu \u00ed kringum sig og vildi helst engar langt\u00edmaskuldbindingar. En hann var st\u00f3rkostlegur karakter. Hl\u00fdr og elskulegur en um lei\u00f0 \u00f3lgandi af r\u00e9ttl\u00e6tiskennd. \u00c1kve\u00f0inn \u00ed \u00fev\u00ed a\u00f0 l\u00e1ta engan va\u00f0a yfir sig en alltaf tilb\u00fainn til a\u00f0 hlusta \u00e1 sj\u00f3narmi\u00f0 annarra. Hans er s\u00e1rt sakna\u00f0, sem sonar, br\u00f3\u00f0ur, unnusta, vinar og einstaks bar\u00e1ttumanns fyrir betri heimi.<\/p>\n","protected":false},"excerpt":{"rendered":"<p>Sonur minn Byltingin helga\u00f0i l\u00edf sitt and\u00f3fi gegn r\u00edkisvaldi, au\u00f0valdi og hervaldi. Hann st\u00f3\u00f0 fyrir og t\u00f3k \u00fe\u00e1tt \u00ed beinum a\u00f0ger\u00f0um gegn umhverfisspj\u00f6llum, kap\u00edtalisma og fasisma, b\u00e6\u00f0i \u00e1 \u00cdslandi og erlendis. Hann var virkur li\u00f0sma\u00f0ur Saving Iceland \u00ed bar\u00e1ttunni gegn K\u00e1rahn\u00fakavirkjun, sj\u00e1lfbo\u00f0ali\u00f0i \u00ed Palest\u00ednu, me\u00f0limur \u00ed Heimssambandi verkaf\u00f3lks, virkur \u00ed h\u00fast\u00f6kuhreyfingum \u00e1 \u00cdslandi og \u00ed [&hellip;]<\/p>\n","protected":false},"author":7,"featured_media":1171,"parent":0,"menu_order":0,"comment_status":"closed","ping_status":"closed","template":"","meta":{"_et_pb_use_builder":"","_et_pb_old_content":"","_et_gb_content_width":"1280","footnotes":""},"class_list":["post-1181","page","type-page","status-publish","has-post-thumbnail","hentry"],"yoast_head":"<!-- This site is optimized with the Yoast SEO plugin v27.5 - https:\/\/yoast.com\/product\/yoast-seo-wordpress\/ -->\n<title>Sonur minn Byltingin - Leikmenn \u00e1n landam\u00e6ra<\/title>\n<meta name=\"robots\" content=\"index, follow, max-snippet:-1, max-image-preview:large, max-video-preview:-1\" \/>\n<link rel=\"canonical\" href=\"https:\/\/www.norn.is\/haukur\/sonur-minn-byltingin\/\" \/>\n<meta property=\"og:locale\" content=\"is_IS\" \/>\n<meta property=\"og:type\" content=\"article\" \/>\n<meta property=\"og:title\" content=\"Sonur minn Byltingin - Leikmenn \u00e1n landam\u00e6ra\" \/>\n<meta property=\"og:description\" content=\"Sonur minn Byltingin helga\u00f0i l\u00edf sitt and\u00f3fi gegn r\u00edkisvaldi, au\u00f0valdi og hervaldi. Hann st\u00f3\u00f0 fyrir og t\u00f3k \u00fe\u00e1tt \u00ed beinum a\u00f0ger\u00f0um gegn umhverfisspj\u00f6llum, kap\u00edtalisma og fasisma, b\u00e6\u00f0i \u00e1 \u00cdslandi og erlendis. Hann var virkur li\u00f0sma\u00f0ur Saving Iceland \u00ed bar\u00e1ttunni gegn K\u00e1rahn\u00fakavirkjun, sj\u00e1lfbo\u00f0ali\u00f0i \u00ed Palest\u00ednu, me\u00f0limur \u00ed Heimssambandi verkaf\u00f3lks, virkur \u00ed h\u00fast\u00f6kuhreyfingum \u00e1 \u00cdslandi og \u00ed [&hellip;]\" \/>\n<meta property=\"og:url\" content=\"https:\/\/www.norn.is\/haukur\/sonur-minn-byltingin\/\" \/>\n<meta property=\"og:site_name\" content=\"Leikmenn \u00e1n landam\u00e6ra\" \/>\n<meta property=\"article:modified_time\" content=\"2021-03-07T14:19:50+00:00\" \/>\n<meta property=\"og:image\" content=\"https:\/\/www.norn.is\/haukur\/wp-content\/uploads\/sites\/19\/2019\/04\/kurteisi.3.jpg\" \/>\n\t<meta property=\"og:image:width\" content=\"1685\" \/>\n\t<meta property=\"og:image:height\" content=\"798\" \/>\n\t<meta property=\"og:image:type\" content=\"image\/jpeg\" \/>\n<meta name=\"twitter:card\" content=\"summary_large_image\" \/>\n<meta name=\"twitter:label1\" content=\"Est. reading time\" \/>\n\t<meta name=\"twitter:data1\" content=\"4 minutes\" \/>\n<script type=\"application\/ld+json\" class=\"yoast-schema-graph\">{\"@context\":\"https:\\\/\\\/schema.org\",\"@graph\":[{\"@type\":\"WebPage\",\"@id\":\"https:\\\/\\\/www.norn.is\\\/haukur\\\/sonur-minn-byltingin\\\/\",\"url\":\"https:\\\/\\\/www.norn.is\\\/haukur\\\/sonur-minn-byltingin\\\/\",\"name\":\"Sonur minn Byltingin - Leikmenn \u00e1n landam\u00e6ra\",\"isPartOf\":{\"@id\":\"https:\\\/\\\/www.norn.is\\\/haukur\\\/#website\"},\"primaryImageOfPage\":{\"@id\":\"https:\\\/\\\/www.norn.is\\\/haukur\\\/sonur-minn-byltingin\\\/#primaryimage\"},\"image\":{\"@id\":\"https:\\\/\\\/www.norn.is\\\/haukur\\\/sonur-minn-byltingin\\\/#primaryimage\"},\"thumbnailUrl\":\"https:\\\/\\\/www.norn.is\\\/haukur\\\/wp-content\\\/uploads\\\/sites\\\/19\\\/2019\\\/04\\\/kurteisi.3.jpg\",\"datePublished\":\"2019-04-17T18:11:27+00:00\",\"dateModified\":\"2021-03-07T14:19:50+00:00\",\"breadcrumb\":{\"@id\":\"https:\\\/\\\/www.norn.is\\\/haukur\\\/sonur-minn-byltingin\\\/#breadcrumb\"},\"inLanguage\":\"is\",\"potentialAction\":[{\"@type\":\"ReadAction\",\"target\":[\"https:\\\/\\\/www.norn.is\\\/haukur\\\/sonur-minn-byltingin\\\/\"]}]},{\"@type\":\"ImageObject\",\"inLanguage\":\"is\",\"@id\":\"https:\\\/\\\/www.norn.is\\\/haukur\\\/sonur-minn-byltingin\\\/#primaryimage\",\"url\":\"https:\\\/\\\/www.norn.is\\\/haukur\\\/wp-content\\\/uploads\\\/sites\\\/19\\\/2019\\\/04\\\/kurteisi.3.jpg\",\"contentUrl\":\"https:\\\/\\\/www.norn.is\\\/haukur\\\/wp-content\\\/uploads\\\/sites\\\/19\\\/2019\\\/04\\\/kurteisi.3.jpg\",\"width\":1685,\"height\":798},{\"@type\":\"BreadcrumbList\",\"@id\":\"https:\\\/\\\/www.norn.is\\\/haukur\\\/sonur-minn-byltingin\\\/#breadcrumb\",\"itemListElement\":[{\"@type\":\"ListItem\",\"position\":1,\"name\":\"Home\",\"item\":\"https:\\\/\\\/www.norn.is\\\/haukur\\\/\"},{\"@type\":\"ListItem\",\"position\":2,\"name\":\"Sonur minn Byltingin\"}]},{\"@type\":\"WebSite\",\"@id\":\"https:\\\/\\\/www.norn.is\\\/haukur\\\/#website\",\"url\":\"https:\\\/\\\/www.norn.is\\\/haukur\\\/\",\"name\":\"Leikmenn \u00e1n landam\u00e6ra\",\"description\":\"\",\"potentialAction\":[{\"@type\":\"SearchAction\",\"target\":{\"@type\":\"EntryPoint\",\"urlTemplate\":\"https:\\\/\\\/www.norn.is\\\/haukur\\\/?s={search_term_string}\"},\"query-input\":{\"@type\":\"PropertyValueSpecification\",\"valueRequired\":true,\"valueName\":\"search_term_string\"}}],\"inLanguage\":\"is\"}]}<\/script>\n<!-- \/ Yoast SEO plugin. -->","yoast_head_json":{"title":"Sonur minn Byltingin - Leikmenn \u00e1n landam\u00e6ra","robots":{"index":"index","follow":"follow","max-snippet":"max-snippet:-1","max-image-preview":"max-image-preview:large","max-video-preview":"max-video-preview:-1"},"canonical":"https:\/\/www.norn.is\/haukur\/sonur-minn-byltingin\/","og_locale":"is_IS","og_type":"article","og_title":"Sonur minn Byltingin - Leikmenn \u00e1n landam\u00e6ra","og_description":"Sonur minn Byltingin helga\u00f0i l\u00edf sitt and\u00f3fi gegn r\u00edkisvaldi, au\u00f0valdi og hervaldi. Hann st\u00f3\u00f0 fyrir og t\u00f3k \u00fe\u00e1tt \u00ed beinum a\u00f0ger\u00f0um gegn umhverfisspj\u00f6llum, kap\u00edtalisma og fasisma, b\u00e6\u00f0i \u00e1 \u00cdslandi og erlendis. Hann var virkur li\u00f0sma\u00f0ur Saving Iceland \u00ed bar\u00e1ttunni gegn K\u00e1rahn\u00fakavirkjun, sj\u00e1lfbo\u00f0ali\u00f0i \u00ed Palest\u00ednu, me\u00f0limur \u00ed Heimssambandi verkaf\u00f3lks, virkur \u00ed h\u00fast\u00f6kuhreyfingum \u00e1 \u00cdslandi og \u00ed [&hellip;]","og_url":"https:\/\/www.norn.is\/haukur\/sonur-minn-byltingin\/","og_site_name":"Leikmenn \u00e1n landam\u00e6ra","article_modified_time":"2021-03-07T14:19:50+00:00","og_image":[{"width":1685,"height":798,"url":"https:\/\/www.norn.is\/haukur\/wp-content\/uploads\/sites\/19\/2019\/04\/kurteisi.3.jpg","type":"image\/jpeg"}],"twitter_card":"summary_large_image","twitter_misc":{"Est. reading time":"4 minutes"},"schema":{"@context":"https:\/\/schema.org","@graph":[{"@type":"WebPage","@id":"https:\/\/www.norn.is\/haukur\/sonur-minn-byltingin\/","url":"https:\/\/www.norn.is\/haukur\/sonur-minn-byltingin\/","name":"Sonur minn Byltingin - Leikmenn \u00e1n landam\u00e6ra","isPartOf":{"@id":"https:\/\/www.norn.is\/haukur\/#website"},"primaryImageOfPage":{"@id":"https:\/\/www.norn.is\/haukur\/sonur-minn-byltingin\/#primaryimage"},"image":{"@id":"https:\/\/www.norn.is\/haukur\/sonur-minn-byltingin\/#primaryimage"},"thumbnailUrl":"https:\/\/www.norn.is\/haukur\/wp-content\/uploads\/sites\/19\/2019\/04\/kurteisi.3.jpg","datePublished":"2019-04-17T18:11:27+00:00","dateModified":"2021-03-07T14:19:50+00:00","breadcrumb":{"@id":"https:\/\/www.norn.is\/haukur\/sonur-minn-byltingin\/#breadcrumb"},"inLanguage":"is","potentialAction":[{"@type":"ReadAction","target":["https:\/\/www.norn.is\/haukur\/sonur-minn-byltingin\/"]}]},{"@type":"ImageObject","inLanguage":"is","@id":"https:\/\/www.norn.is\/haukur\/sonur-minn-byltingin\/#primaryimage","url":"https:\/\/www.norn.is\/haukur\/wp-content\/uploads\/sites\/19\/2019\/04\/kurteisi.3.jpg","contentUrl":"https:\/\/www.norn.is\/haukur\/wp-content\/uploads\/sites\/19\/2019\/04\/kurteisi.3.jpg","width":1685,"height":798},{"@type":"BreadcrumbList","@id":"https:\/\/www.norn.is\/haukur\/sonur-minn-byltingin\/#breadcrumb","itemListElement":[{"@type":"ListItem","position":1,"name":"Home","item":"https:\/\/www.norn.is\/haukur\/"},{"@type":"ListItem","position":2,"name":"Sonur minn Byltingin"}]},{"@type":"WebSite","@id":"https:\/\/www.norn.is\/haukur\/#website","url":"https:\/\/www.norn.is\/haukur\/","name":"Leikmenn \u00e1n landam\u00e6ra","description":"","potentialAction":[{"@type":"SearchAction","target":{"@type":"EntryPoint","urlTemplate":"https:\/\/www.norn.is\/haukur\/?s={search_term_string}"},"query-input":{"@type":"PropertyValueSpecification","valueRequired":true,"valueName":"search_term_string"}}],"inLanguage":"is"}]}},"_links":{"self":[{"href":"https:\/\/www.norn.is\/haukur\/wp-json\/wp\/v2\/pages\/1181","targetHints":{"allow":["GET"]}}],"collection":[{"href":"https:\/\/www.norn.is\/haukur\/wp-json\/wp\/v2\/pages"}],"about":[{"href":"https:\/\/www.norn.is\/haukur\/wp-json\/wp\/v2\/types\/page"}],"author":[{"embeddable":true,"href":"https:\/\/www.norn.is\/haukur\/wp-json\/wp\/v2\/users\/7"}],"replies":[{"embeddable":true,"href":"https:\/\/www.norn.is\/haukur\/wp-json\/wp\/v2\/comments?post=1181"}],"version-history":[{"count":9,"href":"https:\/\/www.norn.is\/haukur\/wp-json\/wp\/v2\/pages\/1181\/revisions"}],"predecessor-version":[{"id":2472,"href":"https:\/\/www.norn.is\/haukur\/wp-json\/wp\/v2\/pages\/1181\/revisions\/2472"}],"wp:featuredmedia":[{"embeddable":true,"href":"https:\/\/www.norn.is\/haukur\/wp-json\/wp\/v2\/media\/1171"}],"wp:attachment":[{"href":"https:\/\/www.norn.is\/haukur\/wp-json\/wp\/v2\/media?parent=1181"}],"curies":[{"name":"wp","href":"https:\/\/api.w.org\/{rel}","templated":true}]}}