{"id":1177,"date":"2019-04-17T18:05:39","date_gmt":"2019-04-17T18:05:39","guid":{"rendered":"http:\/\/www.norn.is\/haukur\/?page_id=1177"},"modified":"2019-04-27T14:15:07","modified_gmt":"2019-04-27T14:15:07","slug":"leikmenn-an-landamaera","status":"publish","type":"page","link":"https:\/\/www.norn.is\/haukur\/leikmenn-an-landamaera\/","title":{"rendered":"Leikmenn \u00e1n landam\u00e6ra"},"content":{"rendered":"<p><a href=\"http:\/\/www.norn.is\/haukur\/wp-content\/uploads\/sites\/19\/2019\/04\/leikmenn.png\"><img loading=\"lazy\" decoding=\"async\" class=\"aligncenter size-full wp-image-1297\" src=\"http:\/\/www.norn.is\/haukur\/wp-content\/uploads\/sites\/19\/2019\/04\/leikmenn.png\" alt=\"\" width=\"1339\" height=\"851\" srcset=\"https:\/\/www.norn.is\/haukur\/wp-content\/uploads\/sites\/19\/2019\/04\/leikmenn.png 1339w, https:\/\/www.norn.is\/haukur\/wp-content\/uploads\/sites\/19\/2019\/04\/leikmenn-300x191.png 300w, https:\/\/www.norn.is\/haukur\/wp-content\/uploads\/sites\/19\/2019\/04\/leikmenn-768x488.png 768w, https:\/\/www.norn.is\/haukur\/wp-content\/uploads\/sites\/19\/2019\/04\/leikmenn-1024x651.png 1024w, https:\/\/www.norn.is\/haukur\/wp-content\/uploads\/sites\/19\/2019\/04\/leikmenn-600x381.png 600w\" sizes=\"auto, (max-width: 1339px) 100vw, 1339px\" \/><\/a><em>Simon Downey t\u00f3k myndina<\/em><\/p>\n<p>Leikmenn \u00e1n landam\u00e6ra standa a\u00f0 verkefnasj\u00f3\u00f0i Hauks Hilmarssonar. Fyrsta verkefni okkar er m\u00e1l\u00feing sem \u00e6tla\u00f0 er a\u00f0 varpa lj\u00f3si \u00e1 hugsj\u00f3n Hauks um frelsi hvers manns til a\u00f0 velja s\u00e9r samasta\u00f0 og m\u00f3ta samf\u00e9lag sitt. M\u00e1l\u00feingi\u00f0 ver\u00f0ur haldi\u00f0 \u00ed r\u00e1\u00f0stefnusal \u00cdslenskrar Erf\u00f0agreiningar laugardaginn 8. j\u00fan\u00ed kl 12:00-17:00. Fleiri vi\u00f0bur\u00f0ir ver\u00f0a haldnir \u00feessa helgi.<\/p>\n<p>Leikmenn \u00e1n landam\u00e6ra vinna a\u00f0 betri me\u00f0fer\u00f0 fl\u00f3ttaf\u00f3lks og gegn \u00feeim a\u00f0st\u00e6\u00f0um sem hrekja f\u00f3lk \u00e1 fl\u00f3tta fr\u00e1 heimilum s\u00ednum, \u00fe.m.t. heimsvaldastefnu, au\u00f0r\u00e6\u00f0i og fjandsemi \u00ed gar\u00f0 minnihlutah\u00f3pa.<!--more--><\/p>\n<p>Vi\u00f0 stefnum a\u00f0 \u00fdmsum verkefnum sem eru til \u00feess fallin a\u00f0 d\u00fdpka skilning almennings \u00e1 r\u00f3tum fl\u00f3ttamannavandans og tengslum hans vi\u00f0 \u00f6nnur vandam\u00e1l, svosem umhverfispj\u00f6ll, n\u00fdlendustefnu n\u00fat\u00edmans og st\u00e9ttaskiptingu. Vinnustofur, kynningarherfer\u00f0ir, ger\u00f0 fr\u00e6\u00f0slumyndbanda o.fl. er me\u00f0al \u00feess sem kemur til greina en allar hugmyndir eru vel \u00feegnar.<\/p>\n<p>H\u00e6gt er a\u00f0 leggja Leikm\u00f6nnum \u00e1n landam\u00e6ra li\u00f0 me\u00f0 <a href=\"https:\/\/www.karolinafund.com\/project\/view\/2346\">framl\u00f6gum \u00ed sj\u00f3\u00f0inn<\/a>, me\u00f0 \u00fe\u00e1tt\u00f6ku \u00ed verkefnum og me\u00f0 \u00fev\u00ed a\u00f0 leggja \u00feessari vefs\u00ed\u00f0u til efni, svosem greinar, myndir og myndb\u00f6nd um efni sem tengjast hugsj\u00f3num Hauks.<\/p>\n<p>&nbsp;<\/p>\n","protected":false},"excerpt":{"rendered":"<p>Simon Downey t\u00f3k myndina Leikmenn \u00e1n landam\u00e6ra standa a\u00f0 verkefnasj\u00f3\u00f0i Hauks Hilmarssonar. Fyrsta verkefni okkar er m\u00e1l\u00feing sem \u00e6tla\u00f0 er a\u00f0 varpa lj\u00f3si \u00e1 hugsj\u00f3n Hauks um frelsi hvers manns til a\u00f0 velja s\u00e9r samasta\u00f0 og m\u00f3ta samf\u00e9lag sitt. M\u00e1l\u00feingi\u00f0 ver\u00f0ur haldi\u00f0 \u00ed r\u00e1\u00f0stefnusal \u00cdslenskrar Erf\u00f0agreiningar laugardaginn 8. j\u00fan\u00ed kl 12:00-17:00. Fleiri vi\u00f0bur\u00f0ir ver\u00f0a haldnir [&hellip;]<\/p>\n","protected":false},"author":7,"featured_media":1137,"parent":0,"menu_order":0,"comment_status":"closed","ping_status":"closed","template":"","meta":{"_et_pb_use_builder":"","_et_pb_old_content":"","_et_gb_content_width":"","footnotes":""},"class_list":["post-1177","page","type-page","status-publish","has-post-thumbnail","hentry"],"yoast_head":"<!-- This site is optimized with the Yoast SEO plugin v27.6 - https:\/\/yoast.com\/product\/yoast-seo-wordpress\/ -->\n<title>Leikmenn \u00e1n landam\u00e6ra - Leikmenn \u00e1n landam\u00e6ra<\/title>\n<meta name=\"robots\" content=\"index, follow, max-snippet:-1, max-image-preview:large, max-video-preview:-1\" \/>\n<link rel=\"canonical\" href=\"https:\/\/www.norn.is\/haukur\/leikmenn-an-landamaera\/\" \/>\n<meta property=\"og:locale\" content=\"is_IS\" \/>\n<meta property=\"og:type\" content=\"article\" \/>\n<meta property=\"og:title\" content=\"Leikmenn \u00e1n landam\u00e6ra - Leikmenn \u00e1n landam\u00e6ra\" \/>\n<meta property=\"og:description\" content=\"Simon Downey t\u00f3k myndina Leikmenn \u00e1n landam\u00e6ra standa a\u00f0 verkefnasj\u00f3\u00f0i Hauks Hilmarssonar. Fyrsta verkefni okkar er m\u00e1l\u00feing sem \u00e6tla\u00f0 er a\u00f0 varpa lj\u00f3si \u00e1 hugsj\u00f3n Hauks um frelsi hvers manns til a\u00f0 velja s\u00e9r samasta\u00f0 og m\u00f3ta samf\u00e9lag sitt. M\u00e1l\u00feingi\u00f0 ver\u00f0ur haldi\u00f0 \u00ed r\u00e1\u00f0stefnusal \u00cdslenskrar Erf\u00f0agreiningar laugardaginn 8. j\u00fan\u00ed kl 12:00-17:00. Fleiri vi\u00f0bur\u00f0ir ver\u00f0a haldnir [&hellip;]\" \/>\n<meta property=\"og:url\" content=\"https:\/\/www.norn.is\/haukur\/leikmenn-an-landamaera\/\" \/>\n<meta property=\"og:site_name\" content=\"Leikmenn \u00e1n landam\u00e6ra\" \/>\n<meta property=\"article:modified_time\" content=\"2019-04-27T14:15:07+00:00\" \/>\n<meta property=\"og:image\" content=\"https:\/\/www.norn.is\/haukur\/wp-content\/uploads\/sites\/19\/2019\/04\/Haukur-Header.jpg\" \/>\n\t<meta property=\"og:image:width\" content=\"1685\" \/>\n\t<meta property=\"og:image:height\" content=\"789\" \/>\n\t<meta property=\"og:image:type\" content=\"image\/jpeg\" \/>\n<meta name=\"twitter:card\" content=\"summary_large_image\" \/>\n<meta name=\"twitter:label1\" content=\"Est. reading time\" \/>\n\t<meta name=\"twitter:data1\" content=\"1 minute\" \/>\n<script type=\"application\/ld+json\" class=\"yoast-schema-graph\">{\"@context\":\"https:\\\/\\\/schema.org\",\"@graph\":[{\"@type\":\"WebPage\",\"@id\":\"https:\\\/\\\/www.norn.is\\\/haukur\\\/leikmenn-an-landamaera\\\/\",\"url\":\"https:\\\/\\\/www.norn.is\\\/haukur\\\/leikmenn-an-landamaera\\\/\",\"name\":\"Leikmenn \u00e1n landam\u00e6ra - Leikmenn \u00e1n landam\u00e6ra\",\"isPartOf\":{\"@id\":\"https:\\\/\\\/www.norn.is\\\/haukur\\\/#website\"},\"primaryImageOfPage\":{\"@id\":\"https:\\\/\\\/www.norn.is\\\/haukur\\\/leikmenn-an-landamaera\\\/#primaryimage\"},\"image\":{\"@id\":\"https:\\\/\\\/www.norn.is\\\/haukur\\\/leikmenn-an-landamaera\\\/#primaryimage\"},\"thumbnailUrl\":\"https:\\\/\\\/www.norn.is\\\/haukur\\\/wp-content\\\/uploads\\\/sites\\\/19\\\/2019\\\/04\\\/Haukur-Header.jpg\",\"datePublished\":\"2019-04-17T18:05:39+00:00\",\"dateModified\":\"2019-04-27T14:15:07+00:00\",\"breadcrumb\":{\"@id\":\"https:\\\/\\\/www.norn.is\\\/haukur\\\/leikmenn-an-landamaera\\\/#breadcrumb\"},\"inLanguage\":\"is\",\"potentialAction\":[{\"@type\":\"ReadAction\",\"target\":[\"https:\\\/\\\/www.norn.is\\\/haukur\\\/leikmenn-an-landamaera\\\/\"]}]},{\"@type\":\"ImageObject\",\"inLanguage\":\"is\",\"@id\":\"https:\\\/\\\/www.norn.is\\\/haukur\\\/leikmenn-an-landamaera\\\/#primaryimage\",\"url\":\"https:\\\/\\\/www.norn.is\\\/haukur\\\/wp-content\\\/uploads\\\/sites\\\/19\\\/2019\\\/04\\\/Haukur-Header.jpg\",\"contentUrl\":\"https:\\\/\\\/www.norn.is\\\/haukur\\\/wp-content\\\/uploads\\\/sites\\\/19\\\/2019\\\/04\\\/Haukur-Header.jpg\",\"width\":1685,\"height\":789},{\"@type\":\"BreadcrumbList\",\"@id\":\"https:\\\/\\\/www.norn.is\\\/haukur\\\/leikmenn-an-landamaera\\\/#breadcrumb\",\"itemListElement\":[{\"@type\":\"ListItem\",\"position\":1,\"name\":\"Home\",\"item\":\"https:\\\/\\\/www.norn.is\\\/haukur\\\/\"},{\"@type\":\"ListItem\",\"position\":2,\"name\":\"Leikmenn \u00e1n landam\u00e6ra\"}]},{\"@type\":\"WebSite\",\"@id\":\"https:\\\/\\\/www.norn.is\\\/haukur\\\/#website\",\"url\":\"https:\\\/\\\/www.norn.is\\\/haukur\\\/\",\"name\":\"Leikmenn \u00e1n landam\u00e6ra\",\"description\":\"\",\"potentialAction\":[{\"@type\":\"SearchAction\",\"target\":{\"@type\":\"EntryPoint\",\"urlTemplate\":\"https:\\\/\\\/www.norn.is\\\/haukur\\\/?s={search_term_string}\"},\"query-input\":{\"@type\":\"PropertyValueSpecification\",\"valueRequired\":true,\"valueName\":\"search_term_string\"}}],\"inLanguage\":\"is\"}]}<\/script>\n<!-- \/ Yoast SEO plugin. -->","yoast_head_json":{"title":"Leikmenn \u00e1n landam\u00e6ra - Leikmenn \u00e1n landam\u00e6ra","robots":{"index":"index","follow":"follow","max-snippet":"max-snippet:-1","max-image-preview":"max-image-preview:large","max-video-preview":"max-video-preview:-1"},"canonical":"https:\/\/www.norn.is\/haukur\/leikmenn-an-landamaera\/","og_locale":"is_IS","og_type":"article","og_title":"Leikmenn \u00e1n landam\u00e6ra - Leikmenn \u00e1n landam\u00e6ra","og_description":"Simon Downey t\u00f3k myndina Leikmenn \u00e1n landam\u00e6ra standa a\u00f0 verkefnasj\u00f3\u00f0i Hauks Hilmarssonar. Fyrsta verkefni okkar er m\u00e1l\u00feing sem \u00e6tla\u00f0 er a\u00f0 varpa lj\u00f3si \u00e1 hugsj\u00f3n Hauks um frelsi hvers manns til a\u00f0 velja s\u00e9r samasta\u00f0 og m\u00f3ta samf\u00e9lag sitt. M\u00e1l\u00feingi\u00f0 ver\u00f0ur haldi\u00f0 \u00ed r\u00e1\u00f0stefnusal \u00cdslenskrar Erf\u00f0agreiningar laugardaginn 8. j\u00fan\u00ed kl 12:00-17:00. Fleiri vi\u00f0bur\u00f0ir ver\u00f0a haldnir [&hellip;]","og_url":"https:\/\/www.norn.is\/haukur\/leikmenn-an-landamaera\/","og_site_name":"Leikmenn \u00e1n landam\u00e6ra","article_modified_time":"2019-04-27T14:15:07+00:00","og_image":[{"width":1685,"height":789,"url":"https:\/\/www.norn.is\/haukur\/wp-content\/uploads\/sites\/19\/2019\/04\/Haukur-Header.jpg","type":"image\/jpeg"}],"twitter_card":"summary_large_image","twitter_misc":{"Est. reading time":"1 minute"},"schema":{"@context":"https:\/\/schema.org","@graph":[{"@type":"WebPage","@id":"https:\/\/www.norn.is\/haukur\/leikmenn-an-landamaera\/","url":"https:\/\/www.norn.is\/haukur\/leikmenn-an-landamaera\/","name":"Leikmenn \u00e1n landam\u00e6ra - Leikmenn \u00e1n landam\u00e6ra","isPartOf":{"@id":"https:\/\/www.norn.is\/haukur\/#website"},"primaryImageOfPage":{"@id":"https:\/\/www.norn.is\/haukur\/leikmenn-an-landamaera\/#primaryimage"},"image":{"@id":"https:\/\/www.norn.is\/haukur\/leikmenn-an-landamaera\/#primaryimage"},"thumbnailUrl":"https:\/\/www.norn.is\/haukur\/wp-content\/uploads\/sites\/19\/2019\/04\/Haukur-Header.jpg","datePublished":"2019-04-17T18:05:39+00:00","dateModified":"2019-04-27T14:15:07+00:00","breadcrumb":{"@id":"https:\/\/www.norn.is\/haukur\/leikmenn-an-landamaera\/#breadcrumb"},"inLanguage":"is","potentialAction":[{"@type":"ReadAction","target":["https:\/\/www.norn.is\/haukur\/leikmenn-an-landamaera\/"]}]},{"@type":"ImageObject","inLanguage":"is","@id":"https:\/\/www.norn.is\/haukur\/leikmenn-an-landamaera\/#primaryimage","url":"https:\/\/www.norn.is\/haukur\/wp-content\/uploads\/sites\/19\/2019\/04\/Haukur-Header.jpg","contentUrl":"https:\/\/www.norn.is\/haukur\/wp-content\/uploads\/sites\/19\/2019\/04\/Haukur-Header.jpg","width":1685,"height":789},{"@type":"BreadcrumbList","@id":"https:\/\/www.norn.is\/haukur\/leikmenn-an-landamaera\/#breadcrumb","itemListElement":[{"@type":"ListItem","position":1,"name":"Home","item":"https:\/\/www.norn.is\/haukur\/"},{"@type":"ListItem","position":2,"name":"Leikmenn \u00e1n landam\u00e6ra"}]},{"@type":"WebSite","@id":"https:\/\/www.norn.is\/haukur\/#website","url":"https:\/\/www.norn.is\/haukur\/","name":"Leikmenn \u00e1n landam\u00e6ra","description":"","potentialAction":[{"@type":"SearchAction","target":{"@type":"EntryPoint","urlTemplate":"https:\/\/www.norn.is\/haukur\/?s={search_term_string}"},"query-input":{"@type":"PropertyValueSpecification","valueRequired":true,"valueName":"search_term_string"}}],"inLanguage":"is"}]}},"_links":{"self":[{"href":"https:\/\/www.norn.is\/haukur\/wp-json\/wp\/v2\/pages\/1177","targetHints":{"allow":["GET"]}}],"collection":[{"href":"https:\/\/www.norn.is\/haukur\/wp-json\/wp\/v2\/pages"}],"about":[{"href":"https:\/\/www.norn.is\/haukur\/wp-json\/wp\/v2\/types\/page"}],"author":[{"embeddable":true,"href":"https:\/\/www.norn.is\/haukur\/wp-json\/wp\/v2\/users\/7"}],"replies":[{"embeddable":true,"href":"https:\/\/www.norn.is\/haukur\/wp-json\/wp\/v2\/comments?post=1177"}],"version-history":[{"count":14,"href":"https:\/\/www.norn.is\/haukur\/wp-json\/wp\/v2\/pages\/1177\/revisions"}],"predecessor-version":[{"id":1655,"href":"https:\/\/www.norn.is\/haukur\/wp-json\/wp\/v2\/pages\/1177\/revisions\/1655"}],"wp:featuredmedia":[{"embeddable":true,"href":"https:\/\/www.norn.is\/haukur\/wp-json\/wp\/v2\/media\/1137"}],"wp:attachment":[{"href":"https:\/\/www.norn.is\/haukur\/wp-json\/wp\/v2\/media?parent=1177"}],"curies":[{"name":"wp","href":"https:\/\/api.w.org\/{rel}","templated":true}]}}