{"id":1111,"date":"2018-10-17T14:01:42","date_gmt":"2018-10-17T14:01:42","guid":{"rendered":"http:\/\/www.demos.machothemes.com\/antreas-pro\/?page_id=216"},"modified":"2019-05-06T23:08:30","modified_gmt":"2019-05-06T23:08:30","slug":"kvedjur-fra-fjarstoddum","status":"publish","type":"page","link":"https:\/\/www.norn.is\/haukur\/page-templates\/kvedjur-fra-fjarstoddum\/","title":{"rendered":"Kve\u00f0jur fr\u00e1 fjarst\u00f6ddum"},"content":{"rendered":"<p><a href=\"http:\/\/www.norn.is\/haukur\/wp-content\/uploads\/sites\/19\/2019\/05\/39931091_10156767324140774_6246554745440305152_o.jpg\"><img loading=\"lazy\" decoding=\"async\" class=\"aligncenter size-full wp-image-1793\" src=\"http:\/\/www.norn.is\/haukur\/wp-content\/uploads\/sites\/19\/2019\/05\/39931091_10156767324140774_6246554745440305152_o.jpg\" alt=\"\" width=\"2048\" height=\"1365\" srcset=\"https:\/\/www.norn.is\/haukur\/wp-content\/uploads\/sites\/19\/2019\/05\/39931091_10156767324140774_6246554745440305152_o.jpg 2048w, https:\/\/www.norn.is\/haukur\/wp-content\/uploads\/sites\/19\/2019\/05\/39931091_10156767324140774_6246554745440305152_o-300x200.jpg 300w, https:\/\/www.norn.is\/haukur\/wp-content\/uploads\/sites\/19\/2019\/05\/39931091_10156767324140774_6246554745440305152_o-768x512.jpg 768w, https:\/\/www.norn.is\/haukur\/wp-content\/uploads\/sites\/19\/2019\/05\/39931091_10156767324140774_6246554745440305152_o-1024x683.jpg 1024w\" sizes=\"auto, (max-width: 2048px) 100vw, 2048px\" \/><\/a>Eins og vi\u00f0 er a\u00f0 b\u00faast ver\u00f0a sumir \u00feeirra sem vildu taka \u00fe\u00e1tt \u00ed atbur\u00f0um hv\u00edtasunnuhelgarinnar fjarverandi e\u00f0a bundnir yfir \u00f6\u00f0rum verkefnum og vi\u00f0bur\u00f0um. Okkur finnst samt notalegt a\u00f0 vita a\u00f0 \u00fei\u00f0 s\u00e9u\u00f0 me\u00f0 okkur \u00ed anda. \u00deeir sem vilja senda senda kve\u00f0ju geta nota\u00f0 tj\u00e1sukerfi\u00f0 vi\u00f0 \u00feessa f\u00e6rslu.<\/p>\n<p>As expected, some of those who would like to attend the events of our Conference weekend will be away or busy with other projects and events. However, it is nice to know that your heart is with us. If you want to send your greetings, please use the comments&#8217; section below.<\/p>\n<p>&nbsp;<\/p>\n","protected":false},"excerpt":{"rendered":"<p>Eins og vi\u00f0 er a\u00f0 b\u00faast ver\u00f0a sumir \u00feeirra sem vildu taka \u00fe\u00e1tt \u00ed atbur\u00f0um hv\u00edtasunnuhelgarinnar fjarverandi e\u00f0a bundnir yfir \u00f6\u00f0rum verkefnum og vi\u00f0bur\u00f0um. Okkur finnst samt notalegt a\u00f0 vita a\u00f0 \u00fei\u00f0 s\u00e9u\u00f0 me\u00f0 okkur \u00ed anda. \u00deeir sem vilja senda senda kve\u00f0ju geta nota\u00f0 tj\u00e1sukerfi\u00f0 vi\u00f0 \u00feessa f\u00e6rslu. As expected, some of those who [&hellip;]<\/p>\n","protected":false},"author":7,"featured_media":1793,"parent":1107,"menu_order":0,"comment_status":"open","ping_status":"open","template":"","meta":{"_et_pb_use_builder":"","_et_pb_old_content":"","_et_gb_content_width":"","footnotes":""},"class_list":["post-1111","page","type-page","status-publish","has-post-thumbnail","hentry"],"yoast_head":"<!-- This site is optimized with the Yoast SEO plugin v27.4 - https:\/\/yoast.com\/product\/yoast-seo-wordpress\/ -->\n<title>Kve\u00f0jur fr\u00e1 fjarst\u00f6ddum - Leikmenn \u00e1n landam\u00e6ra<\/title>\n<meta name=\"robots\" content=\"index, follow, max-snippet:-1, max-image-preview:large, max-video-preview:-1\" \/>\n<link rel=\"canonical\" href=\"https:\/\/www.norn.is\/haukur\/page-templates\/kvedjur-fra-fjarstoddum\/\" \/>\n<meta property=\"og:locale\" content=\"is_IS\" \/>\n<meta property=\"og:type\" content=\"article\" \/>\n<meta property=\"og:title\" content=\"Kve\u00f0jur fr\u00e1 fjarst\u00f6ddum - Leikmenn \u00e1n landam\u00e6ra\" \/>\n<meta property=\"og:description\" content=\"Eins og vi\u00f0 er a\u00f0 b\u00faast ver\u00f0a sumir \u00feeirra sem vildu taka \u00fe\u00e1tt \u00ed atbur\u00f0um hv\u00edtasunnuhelgarinnar fjarverandi e\u00f0a bundnir yfir \u00f6\u00f0rum verkefnum og vi\u00f0bur\u00f0um. Okkur finnst samt notalegt a\u00f0 vita a\u00f0 \u00fei\u00f0 s\u00e9u\u00f0 me\u00f0 okkur \u00ed anda. \u00deeir sem vilja senda senda kve\u00f0ju geta nota\u00f0 tj\u00e1sukerfi\u00f0 vi\u00f0 \u00feessa f\u00e6rslu. As expected, some of those who [&hellip;]\" \/>\n<meta property=\"og:url\" content=\"https:\/\/www.norn.is\/haukur\/page-templates\/kvedjur-fra-fjarstoddum\/\" \/>\n<meta property=\"og:site_name\" content=\"Leikmenn \u00e1n landam\u00e6ra\" \/>\n<meta property=\"article:modified_time\" content=\"2019-05-06T23:08:30+00:00\" \/>\n<meta property=\"og:image\" content=\"https:\/\/www.norn.is\/haukur\/wp-content\/uploads\/sites\/19\/2019\/05\/39931091_10156767324140774_6246554745440305152_o.jpg\" \/>\n\t<meta property=\"og:image:width\" content=\"2048\" \/>\n\t<meta property=\"og:image:height\" content=\"1365\" \/>\n\t<meta property=\"og:image:type\" content=\"image\/jpeg\" \/>\n<meta name=\"twitter:card\" content=\"summary_large_image\" \/>\n<meta name=\"twitter:label1\" content=\"Est. reading time\" \/>\n\t<meta name=\"twitter:data1\" content=\"1 minute\" \/>\n<script type=\"application\/ld+json\" class=\"yoast-schema-graph\">{\"@context\":\"https:\\\/\\\/schema.org\",\"@graph\":[{\"@type\":\"WebPage\",\"@id\":\"https:\\\/\\\/www.norn.is\\\/haukur\\\/page-templates\\\/kvedjur-fra-fjarstoddum\\\/\",\"url\":\"https:\\\/\\\/www.norn.is\\\/haukur\\\/page-templates\\\/kvedjur-fra-fjarstoddum\\\/\",\"name\":\"Kve\u00f0jur fr\u00e1 fjarst\u00f6ddum - Leikmenn \u00e1n landam\u00e6ra\",\"isPartOf\":{\"@id\":\"https:\\\/\\\/www.norn.is\\\/haukur\\\/#website\"},\"primaryImageOfPage\":{\"@id\":\"https:\\\/\\\/www.norn.is\\\/haukur\\\/page-templates\\\/kvedjur-fra-fjarstoddum\\\/#primaryimage\"},\"image\":{\"@id\":\"https:\\\/\\\/www.norn.is\\\/haukur\\\/page-templates\\\/kvedjur-fra-fjarstoddum\\\/#primaryimage\"},\"thumbnailUrl\":\"https:\\\/\\\/www.norn.is\\\/haukur\\\/wp-content\\\/uploads\\\/sites\\\/19\\\/2019\\\/05\\\/39931091_10156767324140774_6246554745440305152_o.jpg\",\"datePublished\":\"2018-10-17T14:01:42+00:00\",\"dateModified\":\"2019-05-06T23:08:30+00:00\",\"breadcrumb\":{\"@id\":\"https:\\\/\\\/www.norn.is\\\/haukur\\\/page-templates\\\/kvedjur-fra-fjarstoddum\\\/#breadcrumb\"},\"inLanguage\":\"is\",\"potentialAction\":[{\"@type\":\"ReadAction\",\"target\":[\"https:\\\/\\\/www.norn.is\\\/haukur\\\/page-templates\\\/kvedjur-fra-fjarstoddum\\\/\"]}]},{\"@type\":\"ImageObject\",\"inLanguage\":\"is\",\"@id\":\"https:\\\/\\\/www.norn.is\\\/haukur\\\/page-templates\\\/kvedjur-fra-fjarstoddum\\\/#primaryimage\",\"url\":\"https:\\\/\\\/www.norn.is\\\/haukur\\\/wp-content\\\/uploads\\\/sites\\\/19\\\/2019\\\/05\\\/39931091_10156767324140774_6246554745440305152_o.jpg\",\"contentUrl\":\"https:\\\/\\\/www.norn.is\\\/haukur\\\/wp-content\\\/uploads\\\/sites\\\/19\\\/2019\\\/05\\\/39931091_10156767324140774_6246554745440305152_o.jpg\",\"width\":2048,\"height\":1365},{\"@type\":\"BreadcrumbList\",\"@id\":\"https:\\\/\\\/www.norn.is\\\/haukur\\\/page-templates\\\/kvedjur-fra-fjarstoddum\\\/#breadcrumb\",\"itemListElement\":[{\"@type\":\"ListItem\",\"position\":1,\"name\":\"Home\",\"item\":\"https:\\\/\\\/www.norn.is\\\/haukur\\\/\"},{\"@type\":\"ListItem\",\"position\":2,\"name\":\"Page Templates\",\"item\":\"https:\\\/\\\/www.norn.is\\\/haukur\\\/page-templates\\\/\"},{\"@type\":\"ListItem\",\"position\":3,\"name\":\"Kve\u00f0jur fr\u00e1 fjarst\u00f6ddum\"}]},{\"@type\":\"WebSite\",\"@id\":\"https:\\\/\\\/www.norn.is\\\/haukur\\\/#website\",\"url\":\"https:\\\/\\\/www.norn.is\\\/haukur\\\/\",\"name\":\"Leikmenn \u00e1n landam\u00e6ra\",\"description\":\"\",\"potentialAction\":[{\"@type\":\"SearchAction\",\"target\":{\"@type\":\"EntryPoint\",\"urlTemplate\":\"https:\\\/\\\/www.norn.is\\\/haukur\\\/?s={search_term_string}\"},\"query-input\":{\"@type\":\"PropertyValueSpecification\",\"valueRequired\":true,\"valueName\":\"search_term_string\"}}],\"inLanguage\":\"is\"}]}<\/script>\n<!-- \/ Yoast SEO plugin. -->","yoast_head_json":{"title":"Kve\u00f0jur fr\u00e1 fjarst\u00f6ddum - Leikmenn \u00e1n landam\u00e6ra","robots":{"index":"index","follow":"follow","max-snippet":"max-snippet:-1","max-image-preview":"max-image-preview:large","max-video-preview":"max-video-preview:-1"},"canonical":"https:\/\/www.norn.is\/haukur\/page-templates\/kvedjur-fra-fjarstoddum\/","og_locale":"is_IS","og_type":"article","og_title":"Kve\u00f0jur fr\u00e1 fjarst\u00f6ddum - Leikmenn \u00e1n landam\u00e6ra","og_description":"Eins og vi\u00f0 er a\u00f0 b\u00faast ver\u00f0a sumir \u00feeirra sem vildu taka \u00fe\u00e1tt \u00ed atbur\u00f0um hv\u00edtasunnuhelgarinnar fjarverandi e\u00f0a bundnir yfir \u00f6\u00f0rum verkefnum og vi\u00f0bur\u00f0um. Okkur finnst samt notalegt a\u00f0 vita a\u00f0 \u00fei\u00f0 s\u00e9u\u00f0 me\u00f0 okkur \u00ed anda. \u00deeir sem vilja senda senda kve\u00f0ju geta nota\u00f0 tj\u00e1sukerfi\u00f0 vi\u00f0 \u00feessa f\u00e6rslu. As expected, some of those who [&hellip;]","og_url":"https:\/\/www.norn.is\/haukur\/page-templates\/kvedjur-fra-fjarstoddum\/","og_site_name":"Leikmenn \u00e1n landam\u00e6ra","article_modified_time":"2019-05-06T23:08:30+00:00","og_image":[{"width":2048,"height":1365,"url":"https:\/\/www.norn.is\/haukur\/wp-content\/uploads\/sites\/19\/2019\/05\/39931091_10156767324140774_6246554745440305152_o.jpg","type":"image\/jpeg"}],"twitter_card":"summary_large_image","twitter_misc":{"Est. reading time":"1 minute"},"schema":{"@context":"https:\/\/schema.org","@graph":[{"@type":"WebPage","@id":"https:\/\/www.norn.is\/haukur\/page-templates\/kvedjur-fra-fjarstoddum\/","url":"https:\/\/www.norn.is\/haukur\/page-templates\/kvedjur-fra-fjarstoddum\/","name":"Kve\u00f0jur fr\u00e1 fjarst\u00f6ddum - Leikmenn \u00e1n landam\u00e6ra","isPartOf":{"@id":"https:\/\/www.norn.is\/haukur\/#website"},"primaryImageOfPage":{"@id":"https:\/\/www.norn.is\/haukur\/page-templates\/kvedjur-fra-fjarstoddum\/#primaryimage"},"image":{"@id":"https:\/\/www.norn.is\/haukur\/page-templates\/kvedjur-fra-fjarstoddum\/#primaryimage"},"thumbnailUrl":"https:\/\/www.norn.is\/haukur\/wp-content\/uploads\/sites\/19\/2019\/05\/39931091_10156767324140774_6246554745440305152_o.jpg","datePublished":"2018-10-17T14:01:42+00:00","dateModified":"2019-05-06T23:08:30+00:00","breadcrumb":{"@id":"https:\/\/www.norn.is\/haukur\/page-templates\/kvedjur-fra-fjarstoddum\/#breadcrumb"},"inLanguage":"is","potentialAction":[{"@type":"ReadAction","target":["https:\/\/www.norn.is\/haukur\/page-templates\/kvedjur-fra-fjarstoddum\/"]}]},{"@type":"ImageObject","inLanguage":"is","@id":"https:\/\/www.norn.is\/haukur\/page-templates\/kvedjur-fra-fjarstoddum\/#primaryimage","url":"https:\/\/www.norn.is\/haukur\/wp-content\/uploads\/sites\/19\/2019\/05\/39931091_10156767324140774_6246554745440305152_o.jpg","contentUrl":"https:\/\/www.norn.is\/haukur\/wp-content\/uploads\/sites\/19\/2019\/05\/39931091_10156767324140774_6246554745440305152_o.jpg","width":2048,"height":1365},{"@type":"BreadcrumbList","@id":"https:\/\/www.norn.is\/haukur\/page-templates\/kvedjur-fra-fjarstoddum\/#breadcrumb","itemListElement":[{"@type":"ListItem","position":1,"name":"Home","item":"https:\/\/www.norn.is\/haukur\/"},{"@type":"ListItem","position":2,"name":"Page Templates","item":"https:\/\/www.norn.is\/haukur\/page-templates\/"},{"@type":"ListItem","position":3,"name":"Kve\u00f0jur fr\u00e1 fjarst\u00f6ddum"}]},{"@type":"WebSite","@id":"https:\/\/www.norn.is\/haukur\/#website","url":"https:\/\/www.norn.is\/haukur\/","name":"Leikmenn \u00e1n landam\u00e6ra","description":"","potentialAction":[{"@type":"SearchAction","target":{"@type":"EntryPoint","urlTemplate":"https:\/\/www.norn.is\/haukur\/?s={search_term_string}"},"query-input":{"@type":"PropertyValueSpecification","valueRequired":true,"valueName":"search_term_string"}}],"inLanguage":"is"}]}},"_links":{"self":[{"href":"https:\/\/www.norn.is\/haukur\/wp-json\/wp\/v2\/pages\/1111","targetHints":{"allow":["GET"]}}],"collection":[{"href":"https:\/\/www.norn.is\/haukur\/wp-json\/wp\/v2\/pages"}],"about":[{"href":"https:\/\/www.norn.is\/haukur\/wp-json\/wp\/v2\/types\/page"}],"author":[{"embeddable":true,"href":"https:\/\/www.norn.is\/haukur\/wp-json\/wp\/v2\/users\/7"}],"replies":[{"embeddable":true,"href":"https:\/\/www.norn.is\/haukur\/wp-json\/wp\/v2\/comments?post=1111"}],"version-history":[{"count":3,"href":"https:\/\/www.norn.is\/haukur\/wp-json\/wp\/v2\/pages\/1111\/revisions"}],"predecessor-version":[{"id":1794,"href":"https:\/\/www.norn.is\/haukur\/wp-json\/wp\/v2\/pages\/1111\/revisions\/1794"}],"up":[{"embeddable":true,"href":"https:\/\/www.norn.is\/haukur\/wp-json\/wp\/v2\/pages\/1107"}],"wp:featuredmedia":[{"embeddable":true,"href":"https:\/\/www.norn.is\/haukur\/wp-json\/wp\/v2\/media\/1793"}],"wp:attachment":[{"href":"https:\/\/www.norn.is\/haukur\/wp-json\/wp\/v2\/media?parent=1111"}],"curies":[{"name":"wp","href":"https:\/\/api.w.org\/{rel}","templated":true}]}}