{"id":2,"date":"2017-09-10T11:04:29","date_gmt":"2017-09-10T11:04:29","guid":{"rendered":"http:\/\/www.norn.is\/einar\/?page_id=2"},"modified":"2017-09-10T11:04:29","modified_gmt":"2017-09-10T11:04:29","slug":"daemi-um-sidu","status":"publish","type":"page","link":"https:\/\/www.norn.is\/einar\/daemi-um-sidu\/","title":{"rendered":"D\u00e6mi um s\u00ed\u00f0u"},"content":{"rendered":"<p>\u00deetta er d\u00e6mi um s\u00ed\u00f0u. S\u00ed\u00f0a er ekki sama og f\u00e6rsla vegna \u00feess a\u00f0 h\u00fan er \u00e1 alltaf \u00e1 sama sta\u00f0 og birtist \u00ed valmynd (\u00ed flestum \u00feemum). Flestir byrja \u00e1 s\u00ed\u00f0u sem heitir Um Mig, \u00fear sem ritu\u00f0 er sm\u00e1 kynning fyrir v\u00e6ntanlega lesendur. H\u00fan g\u00e6ti hlj\u00f3ma\u00f0 svona:<\/p>\n<blockquote><p>Hall\u00f3, \u00fe\u00fa \u00fearna! \u00c9g er sendill \u00e1 hj\u00f3li \u00e1 daginn, \u00e1hugaleikari \u00e1 kv\u00f6ldin og \u00feetta er bloggi\u00f0 mitt. \u00c9g \u00e1 heima \u00e1 Hofs\u00f3si og hund sem heitir: Jakki. M\u00e9r finnast pipark\u00f6kur g\u00f3\u00f0ar og l\u00edka rigningin.<\/p><\/blockquote>\n<p>&#8230;e\u00f0a eitthva\u00f0 sem \u00e1 betur vi\u00f0 um \u00feig t.d.: <\/p>\n<blockquote><p>Kaupf\u00e9lag Gautastrandar var stofna\u00f0 1971 og hefur \u00fatvega\u00f0 \u00edb\u00faum XYZ g\u00e6\u00f0a mj\u00f6l s\u00ed\u00f0an \u00fe\u00e1. Verandi \u00e1 Gautastr\u00f6nd er, Kaupf\u00e9lag Gautastrandar me\u00f0 yfir 150 manns \u00ed vinnu og \u00e1 \u00fatger\u00f0 og mj\u00f3lkurkv\u00f3ta. Kaupf\u00e9lagi\u00f0 sty\u00f0ur sitt bygg\u00f0arlag og samf\u00e9lagi\u00f0 \u00ed kring.<\/p><\/blockquote>\n<p>Sem n\u00fdr notandi WordPress, \u00fe\u00e1 \u00e6ttir \u00fe\u00fa a\u00f0 fara . <a href=\"http:\/\/www.norn.is\/einar\/wp-admin\/\">stj\u00f3rnbor\u00f0i\u00f0<\/a> og ey\u00f0a \u00feessari s\u00ed\u00f0u og stofna n\u00fdja me\u00f0 innihaldi sem \u00e1 vi\u00f0 um \u00feig. Nj\u00f3ttu \u00feess! <\/p>\n","protected":false},"excerpt":{"rendered":"<p>\u00deetta er d\u00e6mi um s\u00ed\u00f0u. S\u00ed\u00f0a er ekki sama og f\u00e6rsla vegna \u00feess a\u00f0 h\u00fan er \u00e1 alltaf \u00e1 sama sta\u00f0 og birtist \u00ed valmynd (\u00ed flestum \u00feemum). Flestir byrja \u00e1 s\u00ed\u00f0u sem heitir Um Mig, \u00fear sem ritu\u00f0 er &hellip; <a href=\"https:\/\/www.norn.is\/einar\/daemi-um-sidu\/\">Halda \u00e1fram a\u00f0 lesa <span class=\"meta-nav\">&rarr;<\/span><\/a><\/p>\n","protected":false},"author":7,"featured_media":0,"parent":0,"menu_order":0,"comment_status":"closed","ping_status":"open","template":"","meta":{"footnotes":""},"class_list":["post-2","page","type-page","status-publish","hentry"],"yoast_head":"<!-- This site is optimized with the Yoast SEO plugin v27.5 - https:\/\/yoast.com\/product\/yoast-seo-wordpress\/ -->\n<title>D\u00e6mi um s\u00ed\u00f0u - Einar<\/title>\n<meta name=\"robots\" content=\"index, follow, max-snippet:-1, max-image-preview:large, max-video-preview:-1\" \/>\n<link rel=\"canonical\" href=\"https:\/\/www.norn.is\/einar\/daemi-um-sidu\/\" \/>\n<meta property=\"og:locale\" content=\"is_IS\" \/>\n<meta property=\"og:type\" content=\"article\" \/>\n<meta property=\"og:title\" content=\"D\u00e6mi um s\u00ed\u00f0u - Einar\" \/>\n<meta property=\"og:description\" content=\"\u00deetta er d\u00e6mi um s\u00ed\u00f0u. S\u00ed\u00f0a er ekki sama og f\u00e6rsla vegna \u00feess a\u00f0 h\u00fan er \u00e1 alltaf \u00e1 sama sta\u00f0 og birtist \u00ed valmynd (\u00ed flestum \u00feemum). Flestir byrja \u00e1 s\u00ed\u00f0u sem heitir Um Mig, \u00fear sem ritu\u00f0 er &hellip; Halda \u00e1fram a\u00f0 lesa &rarr;\" \/>\n<meta property=\"og:url\" content=\"https:\/\/www.norn.is\/einar\/daemi-um-sidu\/\" \/>\n<meta property=\"og:site_name\" content=\"Einar\" \/>\n<meta name=\"twitter:card\" content=\"summary_large_image\" \/>\n<meta name=\"twitter:label1\" content=\"Est. reading time\" \/>\n\t<meta name=\"twitter:data1\" content=\"1 minute\" \/>\n<script type=\"application\/ld+json\" class=\"yoast-schema-graph\">{\"@context\":\"https:\\\/\\\/schema.org\",\"@graph\":[{\"@type\":\"WebPage\",\"@id\":\"https:\\\/\\\/www.norn.is\\\/einar\\\/daemi-um-sidu\\\/\",\"url\":\"https:\\\/\\\/www.norn.is\\\/einar\\\/daemi-um-sidu\\\/\",\"name\":\"D\u00e6mi um s\u00ed\u00f0u - Einar\",\"isPartOf\":{\"@id\":\"https:\\\/\\\/www.norn.is\\\/einar\\\/#website\"},\"datePublished\":\"2017-09-10T11:04:29+00:00\",\"breadcrumb\":{\"@id\":\"https:\\\/\\\/www.norn.is\\\/einar\\\/daemi-um-sidu\\\/#breadcrumb\"},\"inLanguage\":\"is\",\"potentialAction\":[{\"@type\":\"ReadAction\",\"target\":[\"https:\\\/\\\/www.norn.is\\\/einar\\\/daemi-um-sidu\\\/\"]}]},{\"@type\":\"BreadcrumbList\",\"@id\":\"https:\\\/\\\/www.norn.is\\\/einar\\\/daemi-um-sidu\\\/#breadcrumb\",\"itemListElement\":[{\"@type\":\"ListItem\",\"position\":1,\"name\":\"Home\",\"item\":\"https:\\\/\\\/www.norn.is\\\/einar\\\/\"},{\"@type\":\"ListItem\",\"position\":2,\"name\":\"D\u00e6mi um s\u00ed\u00f0u\"}]},{\"@type\":\"WebSite\",\"@id\":\"https:\\\/\\\/www.norn.is\\\/einar\\\/#website\",\"url\":\"https:\\\/\\\/www.norn.is\\\/einar\\\/\",\"name\":\"Einar\",\"description\":\"Pistlar Einars Steingr\u00edmssonar\",\"potentialAction\":[{\"@type\":\"SearchAction\",\"target\":{\"@type\":\"EntryPoint\",\"urlTemplate\":\"https:\\\/\\\/www.norn.is\\\/einar\\\/?s={search_term_string}\"},\"query-input\":{\"@type\":\"PropertyValueSpecification\",\"valueRequired\":true,\"valueName\":\"search_term_string\"}}],\"inLanguage\":\"is\"}]}<\/script>\n<!-- \/ Yoast SEO plugin. -->","yoast_head_json":{"title":"D\u00e6mi um s\u00ed\u00f0u - Einar","robots":{"index":"index","follow":"follow","max-snippet":"max-snippet:-1","max-image-preview":"max-image-preview:large","max-video-preview":"max-video-preview:-1"},"canonical":"https:\/\/www.norn.is\/einar\/daemi-um-sidu\/","og_locale":"is_IS","og_type":"article","og_title":"D\u00e6mi um s\u00ed\u00f0u - Einar","og_description":"\u00deetta er d\u00e6mi um s\u00ed\u00f0u. S\u00ed\u00f0a er ekki sama og f\u00e6rsla vegna \u00feess a\u00f0 h\u00fan er \u00e1 alltaf \u00e1 sama sta\u00f0 og birtist \u00ed valmynd (\u00ed flestum \u00feemum). Flestir byrja \u00e1 s\u00ed\u00f0u sem heitir Um Mig, \u00fear sem ritu\u00f0 er &hellip; Halda \u00e1fram a\u00f0 lesa &rarr;","og_url":"https:\/\/www.norn.is\/einar\/daemi-um-sidu\/","og_site_name":"Einar","twitter_card":"summary_large_image","twitter_misc":{"Est. reading time":"1 minute"},"schema":{"@context":"https:\/\/schema.org","@graph":[{"@type":"WebPage","@id":"https:\/\/www.norn.is\/einar\/daemi-um-sidu\/","url":"https:\/\/www.norn.is\/einar\/daemi-um-sidu\/","name":"D\u00e6mi um s\u00ed\u00f0u - Einar","isPartOf":{"@id":"https:\/\/www.norn.is\/einar\/#website"},"datePublished":"2017-09-10T11:04:29+00:00","breadcrumb":{"@id":"https:\/\/www.norn.is\/einar\/daemi-um-sidu\/#breadcrumb"},"inLanguage":"is","potentialAction":[{"@type":"ReadAction","target":["https:\/\/www.norn.is\/einar\/daemi-um-sidu\/"]}]},{"@type":"BreadcrumbList","@id":"https:\/\/www.norn.is\/einar\/daemi-um-sidu\/#breadcrumb","itemListElement":[{"@type":"ListItem","position":1,"name":"Home","item":"https:\/\/www.norn.is\/einar\/"},{"@type":"ListItem","position":2,"name":"D\u00e6mi um s\u00ed\u00f0u"}]},{"@type":"WebSite","@id":"https:\/\/www.norn.is\/einar\/#website","url":"https:\/\/www.norn.is\/einar\/","name":"Einar","description":"Pistlar Einars Steingr\u00edmssonar","potentialAction":[{"@type":"SearchAction","target":{"@type":"EntryPoint","urlTemplate":"https:\/\/www.norn.is\/einar\/?s={search_term_string}"},"query-input":{"@type":"PropertyValueSpecification","valueRequired":true,"valueName":"search_term_string"}}],"inLanguage":"is"}]}},"_links":{"self":[{"href":"https:\/\/www.norn.is\/einar\/wp-json\/wp\/v2\/pages\/2","targetHints":{"allow":["GET"]}}],"collection":[{"href":"https:\/\/www.norn.is\/einar\/wp-json\/wp\/v2\/pages"}],"about":[{"href":"https:\/\/www.norn.is\/einar\/wp-json\/wp\/v2\/types\/page"}],"author":[{"embeddable":true,"href":"https:\/\/www.norn.is\/einar\/wp-json\/wp\/v2\/users\/7"}],"replies":[{"embeddable":true,"href":"https:\/\/www.norn.is\/einar\/wp-json\/wp\/v2\/comments?post=2"}],"version-history":[{"count":0,"href":"https:\/\/www.norn.is\/einar\/wp-json\/wp\/v2\/pages\/2\/revisions"}],"wp:attachment":[{"href":"https:\/\/www.norn.is\/einar\/wp-json\/wp\/v2\/media?parent=2"}],"curies":[{"name":"wp","href":"https:\/\/api.w.org\/{rel}","templated":true}]}}