{"id":86,"date":"2013-08-24T17:41:22","date_gmt":"2013-08-24T17:41:22","guid":{"rendered":"http:\/\/www.norn.is\/birta\/?page_id=86"},"modified":"2013-09-02T09:29:24","modified_gmt":"2013-09-02T09:29:24","slug":"utgefid-efni","status":"publish","type":"page","link":"https:\/\/www.norn.is\/birta\/utgefid-efni\/","title":{"rendered":"\u00datgefi\u00f0 efni"},"content":{"rendered":"<p style=\"text-align: left;\"><a href=\"http:\/\/www.amazon.com\/Fugl-gr%C3%A6num-heimi-Icelandic-Edition\/dp\/1413732003\"><img loading=\"lazy\" decoding=\"async\" class=\"alignleft size-full wp-image-87\" alt=\"2776911-M\" src=\"http:\/\/www.norn.is\/birta\/wp-content\/uploads\/sites\/4\/2013\/08\/2776911-M.jpg\" width=\"180\" height=\"278\" \/><\/a><a href=\"http:\/\/www.skrudda.is\/baekur.aspx?id=193\"><img loading=\"lazy\" decoding=\"async\" class=\"alignleft size-medium wp-image-89\" alt=\"litabok\" src=\"http:\/\/www.norn.is\/birta\/wp-content\/uploads\/sites\/4\/2013\/08\/litabok-300x300.jpg\" width=\"300\" height=\"300\" srcset=\"https:\/\/www.norn.is\/birta\/wp-content\/uploads\/sites\/4\/2013\/08\/litabok-300x300.jpg 300w, https:\/\/www.norn.is\/birta\/wp-content\/uploads\/sites\/4\/2013\/08\/litabok-150x150.jpg 150w, https:\/\/www.norn.is\/birta\/wp-content\/uploads\/sites\/4\/2013\/08\/litabok.jpg 460w\" sizes=\"auto, (max-width: 300px) 100vw, 300px\" \/><\/a><a href=\"http:\/\/gimaldin.bandcamp.com\/album\/evul-g\"><img loading=\"lazy\" decoding=\"async\" class=\"alignleft size-medium wp-image-91\" alt=\"a3414295184_10\" src=\"http:\/\/www.norn.is\/birta\/wp-content\/uploads\/sites\/4\/2013\/08\/a3414295184_10-300x272.jpg\" width=\"300\" height=\"272\" srcset=\"https:\/\/www.norn.is\/birta\/wp-content\/uploads\/sites\/4\/2013\/08\/a3414295184_10-300x272.jpg 300w, https:\/\/www.norn.is\/birta\/wp-content\/uploads\/sites\/4\/2013\/08\/a3414295184_10.jpg 532w\" sizes=\"auto, (max-width: 300px) 100vw, 300px\" \/><\/a><\/p>\n<p style=\"text-align: left;\">Rafb\u00e6kur:<\/p>\n<p style=\"text-align: left;\"><a href=\"http:\/\/www.pistillinn.is\/Tell_Your_President_vefbok.pdf\">Tell Your President<\/p>\n<p><\/a><a href=\"http:\/\/www.norn.is\/birta\/wp-content\/uploads\/sites\/4\/2013\/08\/egg.pdf\">Sagan af f\u00edflinu sem f\u00f3r \u00fat \u00ed heim a\u00f0 leita a\u00f0 arnareggi<\/a><\/p>\n","protected":false},"excerpt":{"rendered":"<p>Rafb\u00e6kur: Tell Your President Sagan af f\u00edflinu sem f\u00f3r \u00fat \u00ed heim a\u00f0 leita a\u00f0 arnareggi<\/p>\n","protected":false},"author":2,"featured_media":0,"parent":0,"menu_order":3,"comment_status":"closed","ping_status":"closed","template":"","meta":{"footnotes":""},"class_list":["post-86","page","type-page","status-publish","hentry"],"yoast_head":"<!-- This site is optimized with the Yoast SEO plugin v27.6 - https:\/\/yoast.com\/product\/yoast-seo-wordpress\/ -->\n<title>\u00datgefi\u00f0 efni - Birta<\/title>\n<meta name=\"robots\" content=\"index, follow, max-snippet:-1, max-image-preview:large, max-video-preview:-1\" \/>\n<link rel=\"canonical\" href=\"https:\/\/www.norn.is\/birta\/utgefid-efni\/\" \/>\n<meta property=\"og:locale\" content=\"is_IS\" \/>\n<meta property=\"og:type\" content=\"article\" \/>\n<meta property=\"og:title\" content=\"\u00datgefi\u00f0 efni - Birta\" \/>\n<meta property=\"og:description\" content=\"Rafb\u00e6kur: Tell Your President Sagan af f\u00edflinu sem f\u00f3r \u00fat \u00ed heim a\u00f0 leita a\u00f0 arnareggi\" \/>\n<meta property=\"og:url\" content=\"https:\/\/www.norn.is\/birta\/utgefid-efni\/\" \/>\n<meta property=\"og:site_name\" content=\"Birta\" \/>\n<meta property=\"article:modified_time\" content=\"2013-09-02T09:29:24+00:00\" \/>\n<meta property=\"og:image\" content=\"http:\/\/www.norn.is\/birta\/wp-content\/uploads\/sites\/4\/2013\/08\/2776911-M.jpg\" \/>\n<meta name=\"twitter:card\" content=\"summary_large_image\" \/>\n<script type=\"application\/ld+json\" class=\"yoast-schema-graph\">{\"@context\":\"https:\\\/\\\/schema.org\",\"@graph\":[{\"@type\":\"WebPage\",\"@id\":\"https:\\\/\\\/www.norn.is\\\/birta\\\/utgefid-efni\\\/\",\"url\":\"https:\\\/\\\/www.norn.is\\\/birta\\\/utgefid-efni\\\/\",\"name\":\"\u00datgefi\u00f0 efni - Birta\",\"isPartOf\":{\"@id\":\"https:\\\/\\\/www.norn.is\\\/birta\\\/#website\"},\"primaryImageOfPage\":{\"@id\":\"https:\\\/\\\/www.norn.is\\\/birta\\\/utgefid-efni\\\/#primaryimage\"},\"image\":{\"@id\":\"https:\\\/\\\/www.norn.is\\\/birta\\\/utgefid-efni\\\/#primaryimage\"},\"thumbnailUrl\":\"http:\\\/\\\/www.norn.is\\\/birta\\\/wp-content\\\/uploads\\\/sites\\\/4\\\/2013\\\/08\\\/2776911-M.jpg\",\"datePublished\":\"2013-08-24T17:41:22+00:00\",\"dateModified\":\"2013-09-02T09:29:24+00:00\",\"breadcrumb\":{\"@id\":\"https:\\\/\\\/www.norn.is\\\/birta\\\/utgefid-efni\\\/#breadcrumb\"},\"inLanguage\":\"is\",\"potentialAction\":[{\"@type\":\"ReadAction\",\"target\":[\"https:\\\/\\\/www.norn.is\\\/birta\\\/utgefid-efni\\\/\"]}]},{\"@type\":\"ImageObject\",\"inLanguage\":\"is\",\"@id\":\"https:\\\/\\\/www.norn.is\\\/birta\\\/utgefid-efni\\\/#primaryimage\",\"url\":\"https:\\\/\\\/www.norn.is\\\/birta\\\/wp-content\\\/uploads\\\/sites\\\/4\\\/2013\\\/08\\\/2776911-M.jpg\",\"contentUrl\":\"https:\\\/\\\/www.norn.is\\\/birta\\\/wp-content\\\/uploads\\\/sites\\\/4\\\/2013\\\/08\\\/2776911-M.jpg\",\"width\":180,\"height\":278},{\"@type\":\"BreadcrumbList\",\"@id\":\"https:\\\/\\\/www.norn.is\\\/birta\\\/utgefid-efni\\\/#breadcrumb\",\"itemListElement\":[{\"@type\":\"ListItem\",\"position\":1,\"name\":\"Home\",\"item\":\"https:\\\/\\\/www.norn.is\\\/birta\\\/\"},{\"@type\":\"ListItem\",\"position\":2,\"name\":\"\u00datgefi\u00f0 efni\"}]},{\"@type\":\"WebSite\",\"@id\":\"https:\\\/\\\/www.norn.is\\\/birta\\\/#website\",\"url\":\"https:\\\/\\\/www.norn.is\\\/birta\\\/\",\"name\":\"Birta\",\"description\":\"Evukv\u00e6\u00f0i\",\"potentialAction\":[{\"@type\":\"SearchAction\",\"target\":{\"@type\":\"EntryPoint\",\"urlTemplate\":\"https:\\\/\\\/www.norn.is\\\/birta\\\/?s={search_term_string}\"},\"query-input\":{\"@type\":\"PropertyValueSpecification\",\"valueRequired\":true,\"valueName\":\"search_term_string\"}}],\"inLanguage\":\"is\"}]}<\/script>\n<!-- \/ Yoast SEO plugin. -->","yoast_head_json":{"title":"\u00datgefi\u00f0 efni - Birta","robots":{"index":"index","follow":"follow","max-snippet":"max-snippet:-1","max-image-preview":"max-image-preview:large","max-video-preview":"max-video-preview:-1"},"canonical":"https:\/\/www.norn.is\/birta\/utgefid-efni\/","og_locale":"is_IS","og_type":"article","og_title":"\u00datgefi\u00f0 efni - Birta","og_description":"Rafb\u00e6kur: Tell Your President Sagan af f\u00edflinu sem f\u00f3r \u00fat \u00ed heim a\u00f0 leita a\u00f0 arnareggi","og_url":"https:\/\/www.norn.is\/birta\/utgefid-efni\/","og_site_name":"Birta","article_modified_time":"2013-09-02T09:29:24+00:00","og_image":[{"url":"http:\/\/www.norn.is\/birta\/wp-content\/uploads\/sites\/4\/2013\/08\/2776911-M.jpg","type":"","width":"","height":""}],"twitter_card":"summary_large_image","schema":{"@context":"https:\/\/schema.org","@graph":[{"@type":"WebPage","@id":"https:\/\/www.norn.is\/birta\/utgefid-efni\/","url":"https:\/\/www.norn.is\/birta\/utgefid-efni\/","name":"\u00datgefi\u00f0 efni - Birta","isPartOf":{"@id":"https:\/\/www.norn.is\/birta\/#website"},"primaryImageOfPage":{"@id":"https:\/\/www.norn.is\/birta\/utgefid-efni\/#primaryimage"},"image":{"@id":"https:\/\/www.norn.is\/birta\/utgefid-efni\/#primaryimage"},"thumbnailUrl":"http:\/\/www.norn.is\/birta\/wp-content\/uploads\/sites\/4\/2013\/08\/2776911-M.jpg","datePublished":"2013-08-24T17:41:22+00:00","dateModified":"2013-09-02T09:29:24+00:00","breadcrumb":{"@id":"https:\/\/www.norn.is\/birta\/utgefid-efni\/#breadcrumb"},"inLanguage":"is","potentialAction":[{"@type":"ReadAction","target":["https:\/\/www.norn.is\/birta\/utgefid-efni\/"]}]},{"@type":"ImageObject","inLanguage":"is","@id":"https:\/\/www.norn.is\/birta\/utgefid-efni\/#primaryimage","url":"https:\/\/www.norn.is\/birta\/wp-content\/uploads\/sites\/4\/2013\/08\/2776911-M.jpg","contentUrl":"https:\/\/www.norn.is\/birta\/wp-content\/uploads\/sites\/4\/2013\/08\/2776911-M.jpg","width":180,"height":278},{"@type":"BreadcrumbList","@id":"https:\/\/www.norn.is\/birta\/utgefid-efni\/#breadcrumb","itemListElement":[{"@type":"ListItem","position":1,"name":"Home","item":"https:\/\/www.norn.is\/birta\/"},{"@type":"ListItem","position":2,"name":"\u00datgefi\u00f0 efni"}]},{"@type":"WebSite","@id":"https:\/\/www.norn.is\/birta\/#website","url":"https:\/\/www.norn.is\/birta\/","name":"Birta","description":"Evukv\u00e6\u00f0i","potentialAction":[{"@type":"SearchAction","target":{"@type":"EntryPoint","urlTemplate":"https:\/\/www.norn.is\/birta\/?s={search_term_string}"},"query-input":{"@type":"PropertyValueSpecification","valueRequired":true,"valueName":"search_term_string"}}],"inLanguage":"is"}]}},"_links":{"self":[{"href":"https:\/\/www.norn.is\/birta\/wp-json\/wp\/v2\/pages\/86","targetHints":{"allow":["GET"]}}],"collection":[{"href":"https:\/\/www.norn.is\/birta\/wp-json\/wp\/v2\/pages"}],"about":[{"href":"https:\/\/www.norn.is\/birta\/wp-json\/wp\/v2\/types\/page"}],"author":[{"embeddable":true,"href":"https:\/\/www.norn.is\/birta\/wp-json\/wp\/v2\/users\/2"}],"replies":[{"embeddable":true,"href":"https:\/\/www.norn.is\/birta\/wp-json\/wp\/v2\/comments?post=86"}],"version-history":[{"count":5,"href":"https:\/\/www.norn.is\/birta\/wp-json\/wp\/v2\/pages\/86\/revisions"}],"predecessor-version":[{"id":95,"href":"https:\/\/www.norn.is\/birta\/wp-json\/wp\/v2\/pages\/86\/revisions\/95"}],"wp:attachment":[{"href":"https:\/\/www.norn.is\/birta\/wp-json\/wp\/v2\/media?parent=86"}],"curies":[{"name":"wp","href":"https:\/\/api.w.org\/{rel}","templated":true}]}}